{"id":4605,"date":"2025-04-28T14:35:11","date_gmt":"2025-04-28T12:35:11","guid":{"rendered":"https:\/\/tortakiszallitas.hu\/?post_type=product&#038;p=4605"},"modified":"2026-02-10T07:30:29","modified_gmt":"2026-02-10T06:30:29","slug":"epres-sajttorta","status":"publish","type":"product","link":"https:\/\/tortakiszallitas.hu\/en\/termekek\/tortak\/epres-sajttorta\/","title":{"rendered":"Strawberry cheesecake"},"content":{"rendered":"<p>The process of ordering a strawberry cheesecake: choose a size, add it to the cart, and if you want,\nchoose accessories!<br \/>\nCheck the earliest pickup date, but you can also choose a later date on the checkout page.<br \/>\nYou can be sure that you will receive a fresh,<br \/>\ndelicious, artisanal cake made by our master pastry chef at the specified time,<br \/>\nwhich will enchant everyone.<\/p>","protected":false},"excerpt":{"rendered":"<p>Low-temperature baked cheesecake made from cocoa linzer dough and cream cheese, with strawberries inside,<br \/>\ntopped with strawberry sauce and fresh fruit.<\/p>","protected":false},"featured_media":4879,"template":"","meta":{"_acf_changed":false,"_seopress_robots_primary_cat":"none","_seopress_titles_title":"Epres sajttorta rendel\u00e9s | The Sweet","_seopress_titles_desc":"Kaka\u00f3s linzert\u00e9szt\u00e1b\u00f3l, sajtkr\u00e9mb\u0151l, alacsony h\u0151fokon s\u00fct\u00f6tt sajttorta, belsej\u00e9ben eperrel,\r\ntetej\u00e9n epres sz\u00f3sszal, friss gy\u00fcm\u00f6lccsel.","_seopress_robots_index":"","inline_featured_image":false},"product_brand":[],"product_cat":[16],"product_tag":[],"class_list":{"0":"post-4605","1":"product","2":"type-product","3":"status-publish","4":"has-post-thumbnail","6":"product_cat-tortak","7":"pa_meret-4-szeletes","8":"pa_meret-8-szeletes","9":"pa_meret-10-szeletes","10":"pa_meret-12-szeletes","11":"sales-flash-overlay","12":"woocommerce-text-align-left","13":"woocommerce-image-align-center","14":"do-quantity-buttons","16":"first","17":"instock","18":"featured","19":"purchasable","20":"product-type-variable","21":"has-default-attributes"},"acf":[],"_links":{"self":[{"href":"https:\/\/tortakiszallitas.hu\/en\/wp-json\/wp\/v2\/product\/4605","targetHints":{"allow":["GET"]}}],"collection":[{"href":"https:\/\/tortakiszallitas.hu\/en\/wp-json\/wp\/v2\/product"}],"about":[{"href":"https:\/\/tortakiszallitas.hu\/en\/wp-json\/wp\/v2\/types\/product"}],"wp:featuredmedia":[{"embeddable":true,"href":"https:\/\/tortakiszallitas.hu\/en\/wp-json\/wp\/v2\/media\/4879"}],"wp:attachment":[{"href":"https:\/\/tortakiszallitas.hu\/en\/wp-json\/wp\/v2\/media?parent=4605"}],"wp:term":[{"taxonomy":"product_brand","embeddable":true,"href":"https:\/\/tortakiszallitas.hu\/en\/wp-json\/wp\/v2\/product_brand?post=4605"},{"taxonomy":"product_cat","embeddable":true,"href":"https:\/\/tortakiszallitas.hu\/en\/wp-json\/wp\/v2\/product_cat?post=4605"},{"taxonomy":"product_tag","embeddable":true,"href":"https:\/\/tortakiszallitas.hu\/en\/wp-json\/wp\/v2\/product_tag?post=4605"}],"curies":[{"name":"wp","href":"https:\/\/api.w.org\/{rel}","templated":true}]}}