{"id":4587,"date":"2025-04-28T14:20:02","date_gmt":"2025-04-28T12:20:02","guid":{"rendered":"https:\/\/tortakiszallitas.hu\/?post_type=product&#038;p=4587"},"modified":"2026-02-10T07:31:06","modified_gmt":"2026-02-10T06:31:06","slug":"cukor-es-glutenmentes-malna-torta","status":"publish","type":"product","link":"https:\/\/tortakiszallitas.hu\/en\/termekek\/tortak\/cukor-es-glutenmentes-malna-torta\/","title":{"rendered":"Sugar &amp; Gluten-Free Raspberry Cake"},"content":{"rendered":"<p>A sugar- and gluten-free almond-rice sponge cake lled with vegan mascarpone\nand cream, balanced by the tang of raspberry pur\u00e9e.<\/p>","protected":false},"excerpt":{"rendered":"<p>A delicious, guilt-free treat with raspberries and silky vegan cream.<\/p>","protected":false},"featured_media":4892,"template":"","meta":{"_acf_changed":false,"_seopress_robots_primary_cat":"none","_seopress_titles_title":"Cukor- \u00e9s glut\u00e9nmentes m\u00e1lna torta rendel\u00e9s | The Sweet","_seopress_titles_desc":"Egy finom, b\u0171ntudatmentes \u00e9lvezet m\u00e1ln\u00e1val \u00e9s selymes veg\u00e1n kr\u00e9mmel.","_seopress_robots_index":"","inline_featured_image":false},"product_brand":[],"product_cat":[16],"product_tag":[89,87],"class_list":{"0":"post-4587","1":"product","2":"type-product","3":"status-publish","4":"has-post-thumbnail","6":"product_cat-tortak","7":"product_tag-cukor","8":"product_tag-laktoz","9":"pa_meret-6-szeletes","10":"pa_meret-12-szeletes","11":"sales-flash-overlay","12":"woocommerce-text-align-left","13":"woocommerce-image-align-center","14":"do-quantity-buttons","16":"first","17":"instock","18":"featured","19":"purchasable","20":"product-type-variable","21":"has-default-attributes"},"acf":[],"_links":{"self":[{"href":"https:\/\/tortakiszallitas.hu\/en\/wp-json\/wp\/v2\/product\/4587","targetHints":{"allow":["GET"]}}],"collection":[{"href":"https:\/\/tortakiszallitas.hu\/en\/wp-json\/wp\/v2\/product"}],"about":[{"href":"https:\/\/tortakiszallitas.hu\/en\/wp-json\/wp\/v2\/types\/product"}],"wp:featuredmedia":[{"embeddable":true,"href":"https:\/\/tortakiszallitas.hu\/en\/wp-json\/wp\/v2\/media\/4892"}],"wp:attachment":[{"href":"https:\/\/tortakiszallitas.hu\/en\/wp-json\/wp\/v2\/media?parent=4587"}],"wp:term":[{"taxonomy":"product_brand","embeddable":true,"href":"https:\/\/tortakiszallitas.hu\/en\/wp-json\/wp\/v2\/product_brand?post=4587"},{"taxonomy":"product_cat","embeddable":true,"href":"https:\/\/tortakiszallitas.hu\/en\/wp-json\/wp\/v2\/product_cat?post=4587"},{"taxonomy":"product_tag","embeddable":true,"href":"https:\/\/tortakiszallitas.hu\/en\/wp-json\/wp\/v2\/product_tag?post=4587"}],"curies":[{"name":"wp","href":"https:\/\/api.w.org\/{rel}","templated":true}]}}