{"id":4581,"date":"2025-04-28T14:12:41","date_gmt":"2025-04-28T12:12:41","guid":{"rendered":"https:\/\/tortakiszallitas.hu\/?post_type=product&#038;p=4581"},"modified":"2026-02-10T07:31:19","modified_gmt":"2026-02-10T06:31:19","slug":"fekete-erdo-torta","status":"publish","type":"product","link":"https:\/\/tortakiszallitas.hu\/en\/termekek\/tortak\/fekete-erdo-torta\/","title":{"rendered":"Black Forest Cake"},"content":{"rendered":"<p class=\"translation-block\">Layers of cocoa sponge with alternating white and dark chocolate mascarpone\ncream, lightened with whipped cream and complemented by tangy sour cherries.\nTopped with dark chocolate cream, cherry sauce, and a fluffy snowfall of grated\nwhite chocolate.<\/p>","protected":false},"excerpt":{"rendered":"<p>Cocoa sponge cake, layered with chocolate creams, and a hint of cherry in each slice.<\/p>","protected":false},"featured_media":4881,"template":"","meta":{"_acf_changed":false,"_seopress_robots_primary_cat":"none","_seopress_titles_title":"Fekete-erd\u0151 Torta rendel\u00e9s | The Sweet","_seopress_titles_desc":"Kaka\u00f3s pisk\u00f3ta, r\u00e9tegezett csokol\u00e1d\u00e9kr\u00e9mekkel, \u00e9s egy csipetnyi csereszny\u00e9vel minden szeletben.","_seopress_robots_index":"","inline_featured_image":false},"product_brand":[],"product_cat":[16],"product_tag":[89,87],"class_list":{"0":"post-4581","1":"product","2":"type-product","3":"status-publish","4":"has-post-thumbnail","6":"product_cat-tortak","7":"product_tag-cukor","8":"product_tag-laktoz","9":"pa_meret-6-szeletes","10":"pa_meret-8-szeletes","11":"pa_meret-12-szeletes","12":"pa_meret-16-szeletes","13":"sales-flash-overlay","14":"woocommerce-text-align-left","15":"woocommerce-image-align-center","16":"do-quantity-buttons","18":"first","19":"instock","20":"featured","21":"purchasable","22":"product-type-variable","23":"has-default-attributes"},"acf":[],"_links":{"self":[{"href":"https:\/\/tortakiszallitas.hu\/en\/wp-json\/wp\/v2\/product\/4581","targetHints":{"allow":["GET"]}}],"collection":[{"href":"https:\/\/tortakiszallitas.hu\/en\/wp-json\/wp\/v2\/product"}],"about":[{"href":"https:\/\/tortakiszallitas.hu\/en\/wp-json\/wp\/v2\/types\/product"}],"wp:featuredmedia":[{"embeddable":true,"href":"https:\/\/tortakiszallitas.hu\/en\/wp-json\/wp\/v2\/media\/4881"}],"wp:attachment":[{"href":"https:\/\/tortakiszallitas.hu\/en\/wp-json\/wp\/v2\/media?parent=4581"}],"wp:term":[{"taxonomy":"product_brand","embeddable":true,"href":"https:\/\/tortakiszallitas.hu\/en\/wp-json\/wp\/v2\/product_brand?post=4581"},{"taxonomy":"product_cat","embeddable":true,"href":"https:\/\/tortakiszallitas.hu\/en\/wp-json\/wp\/v2\/product_cat?post=4581"},{"taxonomy":"product_tag","embeddable":true,"href":"https:\/\/tortakiszallitas.hu\/en\/wp-json\/wp\/v2\/product_tag?post=4581"}],"curies":[{"name":"wp","href":"https:\/\/api.w.org\/{rel}","templated":true}]}}