{"id":4575,"date":"2025-04-28T14:06:55","date_gmt":"2025-04-28T12:06:55","guid":{"rendered":"https:\/\/tortakiszallitas.hu\/?post_type=product&#038;p=4575"},"modified":"2026-02-10T07:31:33","modified_gmt":"2026-02-10T06:31:33","slug":"epres-torta","status":"publish","type":"product","link":"https:\/\/tortakiszallitas.hu\/en\/termekek\/tortak\/epres-torta\/","title":{"rendered":"Strawberry Cake"},"content":{"rendered":"<p>Soft sponge layers with a light white chocolate mascarpone cream and sweet\nstrawberry pieces. Topped with fresh strawberries, mint, and a raspberry macaron.<\/p>","protected":false},"excerpt":{"rendered":"<p>Soft sponge cake, creamy white chocolate, and fresh strawberries in every bite.<\/p>","protected":false},"featured_media":4878,"template":"","meta":{"_acf_changed":false,"_seopress_robots_primary_cat":"none","_seopress_titles_title":"Eper torta rendel\u00e9s | The Sweet","_seopress_titles_desc":"L\u00e1gy pisk\u00f3ta, kr\u00e9mes feh\u00e9rcsokol\u00e1d\u00e9, \u00e9s friss eper minden falatban.","_seopress_robots_index":"","inline_featured_image":false},"product_brand":[],"product_cat":[16],"product_tag":[89,87],"class_list":{"0":"post-4575","1":"product","2":"type-product","3":"status-publish","4":"has-post-thumbnail","6":"product_cat-tortak","7":"product_tag-cukor","8":"product_tag-laktoz","9":"pa_meret-6-szeletes","10":"pa_meret-8-szeletes","11":"pa_meret-12-szeletes","12":"pa_meret-16-szeletes","13":"sales-flash-overlay","14":"woocommerce-text-align-left","15":"woocommerce-image-align-center","16":"do-quantity-buttons","18":"first","19":"instock","20":"featured","21":"purchasable","22":"product-type-variable","23":"has-default-attributes"},"acf":[],"_links":{"self":[{"href":"https:\/\/tortakiszallitas.hu\/en\/wp-json\/wp\/v2\/product\/4575","targetHints":{"allow":["GET"]}}],"collection":[{"href":"https:\/\/tortakiszallitas.hu\/en\/wp-json\/wp\/v2\/product"}],"about":[{"href":"https:\/\/tortakiszallitas.hu\/en\/wp-json\/wp\/v2\/types\/product"}],"wp:featuredmedia":[{"embeddable":true,"href":"https:\/\/tortakiszallitas.hu\/en\/wp-json\/wp\/v2\/media\/4878"}],"wp:attachment":[{"href":"https:\/\/tortakiszallitas.hu\/en\/wp-json\/wp\/v2\/media?parent=4575"}],"wp:term":[{"taxonomy":"product_brand","embeddable":true,"href":"https:\/\/tortakiszallitas.hu\/en\/wp-json\/wp\/v2\/product_brand?post=4575"},{"taxonomy":"product_cat","embeddable":true,"href":"https:\/\/tortakiszallitas.hu\/en\/wp-json\/wp\/v2\/product_cat?post=4575"},{"taxonomy":"product_tag","embeddable":true,"href":"https:\/\/tortakiszallitas.hu\/en\/wp-json\/wp\/v2\/product_tag?post=4575"}],"curies":[{"name":"wp","href":"https:\/\/api.w.org\/{rel}","templated":true}]}}