{"id":3393,"date":"2024-02-25T11:00:48","date_gmt":"2024-02-25T10:00:48","guid":{"rendered":"https:\/\/tortakiszallitas.hu\/?post_type=product&#038;p=3393"},"modified":"2026-02-10T07:33:40","modified_gmt":"2026-02-10T06:33:40","slug":"torta-beszuro-7","status":"publish","type":"product","link":"https:\/\/tortakiszallitas.hu\/en\/termekek\/kiegeszitok\/feliratok\/torta-beszuro-7\/","title":{"rendered":"Cake cutter 7"},"content":{"rendered":"<p>Inscriptions for different occasions on top of the cake. Write in the comments what occasion you would like it for!<\/p>","protected":false},"excerpt":{"rendered":"<p>Inscriptions for different occasions on top of the cake.<\/p>","protected":false},"featured_media":5136,"template":"","meta":{"_acf_changed":false,"_seopress_robots_primary_cat":"none","_seopress_titles_title":"Torta besz\u00far\u00f3 feliratok alkalmakhoz | The Sweet","_seopress_titles_desc":"Torta besz\u00far\u00f3 feliratok k\u00fcl\u00f6nb\u00f6z\u0151 alkalmakra a torta a tetej\u00e9re. \u00cdrd meg megjegyz\u00e9sbe, milyen alkalomra szeretn\u00e9d!","_seopress_robots_index":"","inline_featured_image":false},"product_brand":[],"product_cat":[61,64,60,56],"product_tag":[],"class_list":{"0":"post-3393","1":"product","2":"type-product","3":"status-publish","4":"has-post-thumbnail","6":"product_cat-beszurok","7":"product_cat-dekoraciok","8":"product_cat-feliratok","9":"product_cat-kiegeszitok","10":"sales-flash-overlay","11":"woocommerce-text-align-left","12":"woocommerce-image-align-center","13":"do-quantity-buttons","15":"first","16":"instock","17":"purchasable","18":"product-type-simple"},"acf":[],"_links":{"self":[{"href":"https:\/\/tortakiszallitas.hu\/en\/wp-json\/wp\/v2\/product\/3393","targetHints":{"allow":["GET"]}}],"collection":[{"href":"https:\/\/tortakiszallitas.hu\/en\/wp-json\/wp\/v2\/product"}],"about":[{"href":"https:\/\/tortakiszallitas.hu\/en\/wp-json\/wp\/v2\/types\/product"}],"wp:featuredmedia":[{"embeddable":true,"href":"https:\/\/tortakiszallitas.hu\/en\/wp-json\/wp\/v2\/media\/5136"}],"wp:attachment":[{"href":"https:\/\/tortakiszallitas.hu\/en\/wp-json\/wp\/v2\/media?parent=3393"}],"wp:term":[{"taxonomy":"product_brand","embeddable":true,"href":"https:\/\/tortakiszallitas.hu\/en\/wp-json\/wp\/v2\/product_brand?post=3393"},{"taxonomy":"product_cat","embeddable":true,"href":"https:\/\/tortakiszallitas.hu\/en\/wp-json\/wp\/v2\/product_cat?post=3393"},{"taxonomy":"product_tag","embeddable":true,"href":"https:\/\/tortakiszallitas.hu\/en\/wp-json\/wp\/v2\/product_tag?post=3393"}],"curies":[{"name":"wp","href":"https:\/\/api.w.org\/{rel}","templated":true}]}}