{"id":3150,"date":"2024-01-02T11:23:49","date_gmt":"2024-01-02T10:23:49","guid":{"rendered":"https:\/\/tortakiszallitas.hu\/?post_type=product&#038;p=3150"},"modified":"2026-03-20T09:42:25","modified_gmt":"2026-03-20T08:42:25","slug":"macaron-ajandekdoboz-20-db-os","status":"publish","type":"product","link":"https:\/\/tortakiszallitas.hu\/en\/termekek\/desszertek\/macaron-boxok\/macaron-ajandekdoboz-20-db-os\/","title":{"rendered":"Macaron gift box 20 pcs"},"content":{"rendered":"<p>A macaron is a classic French pastry consisting of two almond meringue cookies turned upside down and held together with a flavored cream, ganache, or jam.<\/p>\n<p>A dobozos macaron megrendel\u00e9s\u00e9hez csak v\u00e1laszd ki h\u00e1ny dobozzal szeretn\u00e9l, \u00e9s tedd kosaradba! <strong>A p\u00e9nzt\u00e1r oldalon megjegyz\u00e9sbe be\u00edrhatod, hogy milyen \u00edzekb\u0151l mennyit szeretn\u00e9l a dobozba.<\/strong><\/p>\n<ol>\n<li>A <a href=\"https:\/\/tortakiszallitas.hu\/en\/macaron-suti-biscuit-regular\/\">s\u00fctik\u00edn\u00e1lathoz<\/a> visszat\u00e9rve tov\u00e1bbi \u00edzekb\u0151l \u00e9s dobozos kiszerel\u00e9sekb\u0151l v\u00e1logathatsz.<\/li>\n<\/ol>","protected":false},"excerpt":{"rendered":"<p>20 macarons in a choice of flavors, in a gift box.<\/p>","protected":false},"featured_media":5106,"template":"","meta":{"_acf_changed":false,"_seopress_robots_primary_cat":"none","_seopress_titles_title":"Macaron aj\u00e1nd\u00e9kdoboz 20 darabos | Rendelj most Budapesten","_seopress_titles_desc":"A Macaron aj\u00e1nd\u00e9kdoboz t\u00f6k\u00e9letes aj\u00e1nd\u00e9k, kifinomult \u00e9dess\u00e9g, ami mindenkit elvar\u00e1zsol. V\u00e1lassz \u00edzeket \u00e9s rendelj d\u00edszdobozos macaront.","_seopress_robots_index":"","inline_featured_image":false},"product_brand":[],"product_cat":[17,179],"product_tag":[89,87],"class_list":{"0":"post-3150","1":"product","2":"type-product","3":"status-publish","4":"has-post-thumbnail","6":"product_cat-desszertek","7":"product_cat-macaron-boxok","8":"product_tag-cukor","9":"product_tag-laktoz","10":"sales-flash-overlay","11":"woocommerce-text-align-left","12":"woocommerce-image-align-center","13":"do-quantity-buttons","15":"first","16":"instock","17":"sale","18":"purchasable","19":"product-type-simple"},"acf":[],"_links":{"self":[{"href":"https:\/\/tortakiszallitas.hu\/en\/wp-json\/wp\/v2\/product\/3150","targetHints":{"allow":["GET"]}}],"collection":[{"href":"https:\/\/tortakiszallitas.hu\/en\/wp-json\/wp\/v2\/product"}],"about":[{"href":"https:\/\/tortakiszallitas.hu\/en\/wp-json\/wp\/v2\/types\/product"}],"wp:featuredmedia":[{"embeddable":true,"href":"https:\/\/tortakiszallitas.hu\/en\/wp-json\/wp\/v2\/media\/5106"}],"wp:attachment":[{"href":"https:\/\/tortakiszallitas.hu\/en\/wp-json\/wp\/v2\/media?parent=3150"}],"wp:term":[{"taxonomy":"product_brand","embeddable":true,"href":"https:\/\/tortakiszallitas.hu\/en\/wp-json\/wp\/v2\/product_brand?post=3150"},{"taxonomy":"product_cat","embeddable":true,"href":"https:\/\/tortakiszallitas.hu\/en\/wp-json\/wp\/v2\/product_cat?post=3150"},{"taxonomy":"product_tag","embeddable":true,"href":"https:\/\/tortakiszallitas.hu\/en\/wp-json\/wp\/v2\/product_tag?post=3150"}],"curies":[{"name":"wp","href":"https:\/\/api.w.org\/{rel}","templated":true}]}}