{"id":2780,"date":"2024-01-13T11:59:35","date_gmt":"2024-01-13T10:59:35","guid":{"rendered":"https:\/\/tortakiszallitas.hu\/?post_type=product&#038;p=2780"},"modified":"2026-02-10T07:35:13","modified_gmt":"2026-02-10T06:35:13","slug":"malnas-macaron","status":"publish","type":"product","link":"https:\/\/tortakiszallitas.hu\/en\/termekek\/desszertek\/macaronok\/malnas-macaron\/","title":{"rendered":"Raspberry macaron"},"content":{"rendered":"<p>Almond macaron dough with a delicious raspberry filling. A macaron is a classic French pastry consisting of two almond meringue cookies, turned upside down and held together with some flavored cream, ganache or jam.<\/p>\n<p class=\"translation-block\">To order the raspberry macaron, just choose how many you want and add it to your cart! You can choose from additional flavors in the <a href=\"https:\/\/tortakiszallitas.hu\/en\/macaron-suti-biscuit-regular\/\" target=\"_self\">cookies menu<\/a>.<\/p>","protected":false},"excerpt":{"rendered":"<p>Almond macaron dough with raspberry filling.<\/p>","protected":false},"featured_media":5098,"template":"","meta":{"_acf_changed":false,"_seopress_robots_primary_cat":"none","_seopress_titles_title":"M\u00e1ln\u00e1s macaron rendel\u00e9s Budapesten | The Sweet","_seopress_titles_desc":"M\u00e1ln\u00e1s macaron mandul\u00e1s t\u00e9szt\u00e1val, finom m\u00e1lna t\u00f6ltel\u00e9kkel. Rendelj most \u00e9s v\u00e1logass m\u00e1s \u00edzek vagy d\u00edszdobozos macaronok k\u00f6zt is.","_seopress_robots_index":"","inline_featured_image":false},"product_brand":[],"product_cat":[17,19],"product_tag":[89,87],"class_list":{"0":"post-2780","1":"product","2":"type-product","3":"status-publish","4":"has-post-thumbnail","6":"product_cat-desszertek","7":"product_cat-macaronok","8":"product_tag-cukor","9":"product_tag-laktoz","10":"sales-flash-overlay","11":"woocommerce-text-align-left","12":"woocommerce-image-align-center","13":"do-quantity-buttons","15":"first","16":"instock","17":"featured","18":"purchasable","19":"product-type-simple"},"acf":[],"_links":{"self":[{"href":"https:\/\/tortakiszallitas.hu\/en\/wp-json\/wp\/v2\/product\/2780","targetHints":{"allow":["GET"]}}],"collection":[{"href":"https:\/\/tortakiszallitas.hu\/en\/wp-json\/wp\/v2\/product"}],"about":[{"href":"https:\/\/tortakiszallitas.hu\/en\/wp-json\/wp\/v2\/types\/product"}],"wp:featuredmedia":[{"embeddable":true,"href":"https:\/\/tortakiszallitas.hu\/en\/wp-json\/wp\/v2\/media\/5098"}],"wp:attachment":[{"href":"https:\/\/tortakiszallitas.hu\/en\/wp-json\/wp\/v2\/media?parent=2780"}],"wp:term":[{"taxonomy":"product_brand","embeddable":true,"href":"https:\/\/tortakiszallitas.hu\/en\/wp-json\/wp\/v2\/product_brand?post=2780"},{"taxonomy":"product_cat","embeddable":true,"href":"https:\/\/tortakiszallitas.hu\/en\/wp-json\/wp\/v2\/product_cat?post=2780"},{"taxonomy":"product_tag","embeddable":true,"href":"https:\/\/tortakiszallitas.hu\/en\/wp-json\/wp\/v2\/product_tag?post=2780"}],"curies":[{"name":"wp","href":"https:\/\/api.w.org\/{rel}","templated":true}]}}