{"id":2771,"date":"2023-11-17T11:32:15","date_gmt":"2023-11-17T10:32:15","guid":{"rendered":"https:\/\/tortakiszallitas.hu\/?post_type=product&#038;p=2771"},"modified":"2026-02-10T07:38:26","modified_gmt":"2026-02-10T06:38:26","slug":"pisztacias-malnas-sajttorta","status":"publish","type":"product","link":"https:\/\/tortakiszallitas.hu\/en\/termekek\/tortak\/pisztacias-malnas-sajttorta\/","title":{"rendered":"Pistachio-raspberry cheesecake"},"content":{"rendered":"<p>A cheesecake made from cocoa linzer dough and cream cheese, baked at a low temperature, with raspberries inside, pistachio sauce on top, freeze-dried raspberries and pistachios.<\/p>\n<p>The process of ordering a pistachio-raspberry cheesecake: choose a size, add it to the cart, and if you want, choose accessories! Check the earliest pickup date, but you can also choose a later date on the checkout page. You can be sure that you will receive a fresh, delicious, artisanal cake made by our master pastry chef at the specified time, which will enchant everyone.<\/p>","protected":false},"excerpt":{"rendered":"<p>A low-temperature cake with cocoa linzer dough, fruit and pistachios.<\/p>","protected":false},"featured_media":4882,"template":"","meta":{"_acf_changed":false,"_seopress_robots_primary_cat":"none","_seopress_titles_title":"Piszt\u00e1ci\u00e1s-m\u00e1ln\u00e1s sajttorta rendel\u00e9s","_seopress_titles_desc":"Piszt\u00e1ci\u00e1s-m\u00e1ln\u00e1s sajttorta rendel\u00e9s Budapest legjobb cukr\u00e1szd\u00e1j\u00e1b\u00f3l: mes\u00e9s sajttorta kaka\u00f3s t\u00e9szt\u00e1val, friss m\u00e1ln\u00e1val \u00e9s piszt\u00e1ci\u00f3val.","_seopress_robots_index":"","inline_featured_image":false},"product_brand":[],"product_cat":[16],"product_tag":[89,85,87],"class_list":{"0":"post-2771","1":"product","2":"type-product","3":"status-publish","4":"has-post-thumbnail","6":"product_cat-tortak","7":"product_tag-cukor","8":"product_tag-gluten","9":"product_tag-laktoz","10":"pa_meret-4-szeletes","11":"pa_meret-8-szeletes","12":"pa_meret-10-szeletes","13":"pa_meret-12-szeletes","14":"sales-flash-overlay","15":"woocommerce-text-align-left","16":"woocommerce-image-align-center","17":"do-quantity-buttons","19":"first","20":"instock","21":"purchasable","22":"product-type-variable","23":"has-default-attributes"},"acf":[],"_links":{"self":[{"href":"https:\/\/tortakiszallitas.hu\/en\/wp-json\/wp\/v2\/product\/2771","targetHints":{"allow":["GET"]}}],"collection":[{"href":"https:\/\/tortakiszallitas.hu\/en\/wp-json\/wp\/v2\/product"}],"about":[{"href":"https:\/\/tortakiszallitas.hu\/en\/wp-json\/wp\/v2\/types\/product"}],"wp:featuredmedia":[{"embeddable":true,"href":"https:\/\/tortakiszallitas.hu\/en\/wp-json\/wp\/v2\/media\/4882"}],"wp:attachment":[{"href":"https:\/\/tortakiszallitas.hu\/en\/wp-json\/wp\/v2\/media?parent=2771"}],"wp:term":[{"taxonomy":"product_brand","embeddable":true,"href":"https:\/\/tortakiszallitas.hu\/en\/wp-json\/wp\/v2\/product_brand?post=2771"},{"taxonomy":"product_cat","embeddable":true,"href":"https:\/\/tortakiszallitas.hu\/en\/wp-json\/wp\/v2\/product_cat?post=2771"},{"taxonomy":"product_tag","embeddable":true,"href":"https:\/\/tortakiszallitas.hu\/en\/wp-json\/wp\/v2\/product_tag?post=2771"}],"curies":[{"name":"wp","href":"https:\/\/api.w.org\/{rel}","templated":true}]}}