{"id":2732,"date":"2023-11-17T07:16:42","date_gmt":"2023-11-17T06:16:42","guid":{"rendered":"https:\/\/tortakiszallitas.hu\/?post_type=product&#038;p=2732"},"modified":"2026-02-10T07:39:09","modified_gmt":"2026-02-10T06:39:09","slug":"mango-torta","status":"publish","type":"product","link":"https:\/\/tortakiszallitas.hu\/en\/termekek\/tortak\/mango-torta\/","title":{"rendered":"Mango cake"},"content":{"rendered":"<p>Friss\u00edt\u0151, gy\u00fcm\u00f6lcs\u00f6s \u00edzvil\u00e1g\u00fa mang\u00f3 torta. Mandulaliszttel, k\u00f3kusszal k\u00e9sz\u00fclt pisk\u00f3ta, csoki ropog\u00f3ssal, tejsz\u00ednes mang\u00f3 kr\u00e9mmel, tetej\u00e9n mang\u00f3-passio zsel\u00e9 \u00e9s gy\u00fcm\u00f6lcs.<\/p>\n<p>The mango cake ordering process: choose a size, add the cake to the cart and choose accessories! Check the earliest pickup date, but you can also choose a later date on the checkout page. You can be sure that you will receive a fresh, delicious, handcrafted cake made by our master pastry chef at the specified time, which will enchant everyone.<\/p>","protected":false},"excerpt":{"rendered":"<p>Coconut almond sponge cake with mango cream and chocolate crisp.<\/p>","protected":false},"featured_media":4884,"template":"","meta":{"_acf_changed":false,"_seopress_robots_primary_cat":"none","_seopress_titles_title":"Mang\u00f3 torta rendel\u00e9s Budapesten | The Sweet","_seopress_titles_desc":"Mang\u00f3 torta rendel\u00e9s Budapest legjobb cukr\u00e1szd\u00e1j\u00e1b\u00f3l: mes\u00e9s mang\u00f3 torta roppan\u00f3s csokival \u00e9s passi\u00f3 gy\u00fcm\u00f6lccsel.","_seopress_robots_index":"","inline_featured_image":false},"product_brand":[],"product_cat":[16],"product_tag":[89,85,87],"class_list":{"0":"post-2732","1":"product","2":"type-product","3":"status-publish","4":"has-post-thumbnail","6":"product_cat-tortak","7":"product_tag-cukor","8":"product_tag-gluten","9":"product_tag-laktoz","10":"pa_meret-6-szeletes","11":"pa_meret-12-szeletes","12":"sales-flash-overlay","13":"woocommerce-text-align-left","14":"woocommerce-image-align-center","15":"do-quantity-buttons","17":"first","18":"instock","19":"purchasable","20":"product-type-variable"},"acf":[],"_links":{"self":[{"href":"https:\/\/tortakiszallitas.hu\/en\/wp-json\/wp\/v2\/product\/2732","targetHints":{"allow":["GET"]}}],"collection":[{"href":"https:\/\/tortakiszallitas.hu\/en\/wp-json\/wp\/v2\/product"}],"about":[{"href":"https:\/\/tortakiszallitas.hu\/en\/wp-json\/wp\/v2\/types\/product"}],"wp:featuredmedia":[{"embeddable":true,"href":"https:\/\/tortakiszallitas.hu\/en\/wp-json\/wp\/v2\/media\/4884"}],"wp:attachment":[{"href":"https:\/\/tortakiszallitas.hu\/en\/wp-json\/wp\/v2\/media?parent=2732"}],"wp:term":[{"taxonomy":"product_brand","embeddable":true,"href":"https:\/\/tortakiszallitas.hu\/en\/wp-json\/wp\/v2\/product_brand?post=2732"},{"taxonomy":"product_cat","embeddable":true,"href":"https:\/\/tortakiszallitas.hu\/en\/wp-json\/wp\/v2\/product_cat?post=2732"},{"taxonomy":"product_tag","embeddable":true,"href":"https:\/\/tortakiszallitas.hu\/en\/wp-json\/wp\/v2\/product_tag?post=2732"}],"curies":[{"name":"wp","href":"https:\/\/api.w.org\/{rel}","templated":true}]}}