{"id":2598,"date":"2023-11-16T11:00:24","date_gmt":"2023-11-16T10:00:24","guid":{"rendered":"https:\/\/tortakiszallitas.hu\/?post_type=product&#038;p=2598"},"modified":"2026-02-10T07:39:35","modified_gmt":"2026-02-10T06:39:35","slug":"raffaello-torta","status":"publish","type":"product","link":"https:\/\/tortakiszallitas.hu\/en\/termekek\/tortak\/raffaello-torta\/","title":{"rendered":"Raffaello cake"},"content":{"rendered":"<p>Raffaello cake made from light puff pastry, coconut and almonds. Filled with a cream made from coconut milk, mascarpone and chocolate and decorated with macaroons.<\/p>\n<p>The Raffaelo cake ordering process: choose a size, add the cake to the cart and choose accessories! Check the earliest pickup date, but you can also choose a later date on the checkout page. You can be sure that you will receive a fresh, delicious, handcrafted cake made by our master pastry chef at the specified time, which will enchant everyone.<\/p>","protected":false},"excerpt":{"rendered":"<p>Gluten-free coconut cake with the flavor of the popular dessert.<\/p>","protected":false},"featured_media":4890,"template":"","meta":{"_acf_changed":false,"_seopress_robots_primary_cat":"none","_seopress_titles_title":"Raffaello torta rendel\u00e9s | The Sweet","_seopress_titles_desc":"Glut\u00e9nmentes k\u00f3kusztorta, a n\u00e9pszer\u0171 desszert \u00edzvil\u00e1g\u00e1val. V\u00e1lassz m\u00e9retet \u00e9s kieg\u00e9sz\u00edt\u0151ket, mi h\u00e1zhoz vissz\u00fck a finoms\u00e1got.","_seopress_robots_index":"","inline_featured_image":false},"product_brand":[],"product_cat":[16],"product_tag":[89,87],"class_list":{"0":"post-2598","1":"product","2":"type-product","3":"status-publish","4":"has-post-thumbnail","6":"product_cat-tortak","7":"product_tag-cukor","8":"product_tag-laktoz","9":"pa_meret-6-szeletes","10":"pa_meret-12-szeletes","11":"sales-flash-overlay","12":"woocommerce-text-align-left","13":"woocommerce-image-align-center","14":"do-quantity-buttons","16":"first","17":"instock","18":"featured","19":"purchasable","20":"product-type-variable","21":"has-default-attributes"},"acf":[],"_links":{"self":[{"href":"https:\/\/tortakiszallitas.hu\/en\/wp-json\/wp\/v2\/product\/2598","targetHints":{"allow":["GET"]}}],"collection":[{"href":"https:\/\/tortakiszallitas.hu\/en\/wp-json\/wp\/v2\/product"}],"about":[{"href":"https:\/\/tortakiszallitas.hu\/en\/wp-json\/wp\/v2\/types\/product"}],"wp:featuredmedia":[{"embeddable":true,"href":"https:\/\/tortakiszallitas.hu\/en\/wp-json\/wp\/v2\/media\/4890"}],"wp:attachment":[{"href":"https:\/\/tortakiszallitas.hu\/en\/wp-json\/wp\/v2\/media?parent=2598"}],"wp:term":[{"taxonomy":"product_brand","embeddable":true,"href":"https:\/\/tortakiszallitas.hu\/en\/wp-json\/wp\/v2\/product_brand?post=2598"},{"taxonomy":"product_cat","embeddable":true,"href":"https:\/\/tortakiszallitas.hu\/en\/wp-json\/wp\/v2\/product_cat?post=2598"},{"taxonomy":"product_tag","embeddable":true,"href":"https:\/\/tortakiszallitas.hu\/en\/wp-json\/wp\/v2\/product_tag?post=2598"}],"curies":[{"name":"wp","href":"https:\/\/api.w.org\/{rel}","templated":true}]}}