{"id":51,"date":"2023-08-16T01:49:17","date_gmt":"2023-08-15T23:49:17","guid":{"rendered":"https:\/\/sweet.neonweb.hu\/kosar\/"},"modified":"2026-02-11T14:45:44","modified_gmt":"2026-02-11T13:45:44","slug":"kosar","status":"publish","type":"page","link":"https:\/\/tortakiszallitas.hu\/en\/kosar\/","title":{"rendered":"Cart"},"content":{"rendered":"<div class=\"gb-container gb-container-be650cb7 alignfull\">\n<div class=\"gb-container gb-container-d5fcf8b4\">\n<h1 class=\"gb-headline gb-headline-41513150 gb-headline-text\">Cart<\/h1>\n\n<figure class=\"gb-block-image gb-block-image-97d54ed8\"><img decoding=\"async\" width=\"14\" height=\"14\" class=\"gb-image gb-image-97d54ed8\" src=\"https:\/\/tortakiszallitas.hu\/wp-content\/uploads\/2023\/09\/arrow_forward.svg\" alt=\"\" title=\"arrow_forward\"\/><\/figure>\n\n<div class=\"gb-headline gb-headline-870da190 gb-headline-text\">Chekcout<\/div>\n\n<figure class=\"gb-block-image gb-block-image-5d54ef43\"><img decoding=\"async\" width=\"14\" height=\"14\" class=\"gb-image gb-image-5d54ef43\" src=\"https:\/\/tortakiszallitas.hu\/wp-content\/uploads\/2023\/09\/arrow_forward_inactive.svg\" alt=\"\" title=\"arrow_forward_inactive\"\/><\/figure>\n\n<div class=\"gb-headline gb-headline-2012cea8 gb-headline-text\">Completion<\/div>\n<\/div>\n<\/div>","protected":false},"excerpt":{"rendered":"<p>Kos\u00e1r p\u00e9nzt\u00e1r Befejez\u00e9s<\/p>","protected":false},"author":6,"featured_media":0,"parent":0,"menu_order":0,"comment_status":"closed","ping_status":"closed","template":"","meta":{"_acf_changed":false,"_seopress_robots_primary_cat":"","_seopress_titles_title":"","_seopress_titles_desc":"","_seopress_robots_index":"yes","inline_featured_image":false,"footnotes":""},"class_list":["post-51","page","type-page","status-publish"],"acf":[],"_links":{"self":[{"href":"https:\/\/tortakiszallitas.hu\/en\/wp-json\/wp\/v2\/pages\/51","targetHints":{"allow":["GET"]}}],"collection":[{"href":"https:\/\/tortakiszallitas.hu\/en\/wp-json\/wp\/v2\/pages"}],"about":[{"href":"https:\/\/tortakiszallitas.hu\/en\/wp-json\/wp\/v2\/types\/page"}],"author":[{"embeddable":true,"href":"https:\/\/tortakiszallitas.hu\/en\/wp-json\/wp\/v2\/users\/6"}],"replies":[{"embeddable":true,"href":"https:\/\/tortakiszallitas.hu\/en\/wp-json\/wp\/v2\/comments?post=51"}],"version-history":[{"count":4,"href":"https:\/\/tortakiszallitas.hu\/en\/wp-json\/wp\/v2\/pages\/51\/revisions"}],"predecessor-version":[{"id":6413,"href":"https:\/\/tortakiszallitas.hu\/en\/wp-json\/wp\/v2\/pages\/51\/revisions\/6413"}],"wp:attachment":[{"href":"https:\/\/tortakiszallitas.hu\/en\/wp-json\/wp\/v2\/media?parent=51"}],"curies":[{"name":"wp","href":"https:\/\/api.w.org\/{rel}","templated":true}]}}