{"id":338,"date":"2023-08-19T23:17:00","date_gmt":"2023-08-19T21:17:00","guid":{"rendered":"https:\/\/sweet.neonweb.hu\/?page_id=338"},"modified":"2025-06-11T13:41:24","modified_gmt":"2025-06-11T11:41:24","slug":"cakedecorations","status":"publish","type":"page","link":"https:\/\/tortakiszallitas.hu\/en\/cakedecorations\/","title":{"rendered":"Accessories"},"content":{"rendered":"<div class=\"gb-container gb-container-d54aaaeb breadcrumbs underline0\">\n<nav  aria-label=\"breadcrumb\"><ol class=\"breadcrumb\" itemscope itemtype=\"https:\/\/schema.org\/BreadcrumbList\"><li class=\"breadcrumb-item active\" aria-current=\"page\" itemprop=\"itemListElement\" itemscope itemtype=\"https:\/\/schema.org\/ListItem\"><span itemprop=\"name\">Home<\/span><meta itemprop=\"position\" content=\"1\"><\/li><\/ol><\/nav>\n<\/div><div class=\"gb-container gb-container-25cd0ed4\">\n<!-- Gridbuilder \u1d42\u1d3e Plugin (https:\/\/wpgridbuilder.com) -->\n<div class=\"wp-grid-builder wpgb-grid-10\" data-options=\"{&quot;id&quot;:10,&quot;type&quot;:&quot;masonry&quot;,&quot;source&quot;:&quot;post_type&quot;,&quot;loader&quot;:0,&quot;layout&quot;:&quot;vertical&quot;,&quot;reveal&quot;:0,&quot;isMainQuery&quot;:false,&quot;lazyLoad&quot;:0,&quot;cardSizes&quot;:{&quot;9999&quot;:{&quot;columns&quot;:3,&quot;height&quot;:240,&quot;gutter&quot;:0,&quot;ratio&quot;:&quot;1.33333&quot;},&quot;1200&quot;:{&quot;columns&quot;:3,&quot;height&quot;:240,&quot;gutter&quot;:0,&quot;ratio&quot;:&quot;1.33333&quot;},&quot;992&quot;:{&quot;columns&quot;:2,&quot;height&quot;:220,&quot;gutter&quot;:0,&quot;ratio&quot;:&quot;1.33333&quot;},&quot;768&quot;:{&quot;columns&quot;:1,&quot;height&quot;:220,&quot;gutter&quot;:0,&quot;ratio&quot;:&quot;1.33333&quot;},&quot;576&quot;:{&quot;columns&quot;:1,&quot;height&quot;:200,&quot;gutter&quot;:0,&quot;ratio&quot;:&quot;1.33333&quot;},&quot;320&quot;:{&quot;columns&quot;:1,&quot;height&quot;:200,&quot;gutter&quot;:0,&quot;ratio&quot;:&quot;1.33333&quot;}},&quot;fitRows&quot;:1,&quot;equalRows&quot;:0,&quot;equalColumns&quot;:1,&quot;fillLastRow&quot;:0,&quot;centerLastRow&quot;:0,&quot;horizontalOrder&quot;:1,&quot;fullWidth&quot;:0,&quot;transitionDelay&quot;:100,&quot;gallerySlideshow&quot;:0,&quot;rowsNumber&quot;:1,&quot;slideAlign&quot;:&quot;left&quot;,&quot;groupCells&quot;:1,&quot;draggable&quot;:1,&quot;initialIndex&quot;:0,&quot;contain&quot;:0,&quot;freeScroll&quot;:0,&quot;freeFriction&quot;:&quot;0.075&quot;,&quot;friction&quot;:&quot;0.285&quot;,&quot;attraction&quot;:&quot;0.025&quot;,&quot;autoPlay&quot;:0,&quot;pageDotAriaLabel&quot;:&quot;Page dot %d&quot;,&quot;isPreview&quot;:false,&quot;isGutenberg&quot;:false,&quot;rightToLeft&quot;:false}\"><div class=\"wpgb-svg-icons\" hidden>\n\t<svg viewbox=\"0 0 120 24\" width=\"0\" height=\"0\">\n\t<defs>\n        <polygon id=\"wpgb-star-svg\" points=\"12 2.5 15.1 8.8 22 9.8 17 14.6 18.2 21.5 12 18.3 5.8 21.5 7 14.6 2 9.8 8.9 8.8\"><\/polygon>\n    <\/defs>\n    <symbol id=\"wpgb-rating-stars-svg\">\n        <use xlink:href=\"#wpgb-star-svg\"><\/use>\n        <use xlink:href=\"#wpgb-star-svg\" x=\"24\"><\/use>\n        <use xlink:href=\"#wpgb-star-svg\" x=\"48\"><\/use>\n        <use xlink:href=\"#wpgb-star-svg\" x=\"72\"><\/use>\n        <use xlink:href=\"#wpgb-star-svg\" x=\"96\"><\/use>\n    <\/symbol>\n<\/svg>\n<\/div>\n<div class=\"wpgb-wrapper\">\n\t<div class=\"wpgb-main\">\n\t<div class=\"wpgb-layout\">\n\t<div class=\"wpgb-viewport\">\n\t\t<div class=\"wpgb-masonry\">\n\t\t\t<article class=\"wpgb-card wpgb-card-3 wpgb-post-3383\" data-col=\"1\" data-row=\"1\" data-format=\"standard\"><div class=\"wpgb-card-wrapper\"><div class=\"wpgb-card-inner\"><div class=\"wpgb-card-media wpgb-scheme-light\"><svg data-ratio style=\"padding-top:109.09%\" viewbox=\"0 0 11 12\"><\/svg><div class=\"wpgb-card-media-thumbnail\"><a  data-lightbox=\"post-image\" href=\"https:\/\/tortakiszallitas.hu\/wp-content\/uploads\/2024\/02\/Nevtelen-terv-15.jpg\" tabindex=\"-1\" class=\"wpgb-handle-lb wpgb-lightbox\" data-type=\"image\" data-rel=\"10\" data-title=\"N\u00e9vtelen terv-15\" title=\"Enlarge photo\"<\/a><div style=\"background-image:url(https:\/\/tortakiszallitas.hu\/wp-content\/uploads\/2024\/02\/Nevtelen-terv-15.jpg)\"><\/div><noscript><img decoding=\"async\" class=\"wpgb-noscript-img\" src=\"https:\/\/tortakiszallitas.hu\/wp-content\/uploads\/2024\/02\/Nevtelen-terv-15.jpg\" alt=\"\" height=\"500\" width=\"500\"><\/noscript><\/a><a class=\"wpgb-card-layer-link\"  data-lightbox=\"post-image\" href=\"https:\/\/tortakiszallitas.hu\/en\/termekek\/kiegeszitok\/feliratok\/torta-beszuro-1\/\"><\/a><\/div><div class=\"wpgb-card-media-content\" data-action><div class=\"wpgb-card-media-content-top\"><\/div><a class=\"wpgb-card-layer-link\" href=\"https:\/\/tortakiszallitas.hu\/en\/termekek\/kiegeszitok\/feliratok\/torta-beszuro-1\/\"><\/a><\/div><\/div><div class=\"wpgb-card-content wpgb-scheme-dark\"><div class=\"wpgb-card-body\"><h4 class=\"wpgb-block-4 product-list-title wpgb-idle-scheme-1 wpgb-hover-accent-1\"><a href=\"https:\/\/tortakiszallitas.hu\/en\/termekek\/kiegeszitok\/feliratok\/torta-beszuro-1\/\">Cake cutter 1<\/a><\/h4><\/div><div class=\"wpgb-card-footer\"><div class=\"wpgb-block-1 product-list-price wpgb-idle-accent-1\">1.500&nbsp;&#070;&#116;<\/div><\/div><\/div><\/div><\/div><\/article><article class=\"wpgb-card wpgb-card-3 wpgb-post-3384\" data-col=\"1\" data-row=\"1\" data-format=\"standard\"><div class=\"wpgb-card-wrapper\"><div class=\"wpgb-card-inner\"><div class=\"wpgb-card-media wpgb-scheme-light\"><svg data-ratio style=\"padding-top:109.09%\" viewbox=\"0 0 11 12\"><\/svg><div class=\"wpgb-card-media-thumbnail\"><a href=\"https:\/\/tortakiszallitas.hu\/wp-content\/uploads\/2024\/02\/Nevtelen-terv-16.jpg\" tabindex=\"-1\" class=\"wpgb-handle-lb wpgb-lightbox\" data-type=\"image\" data-rel=\"10\" data-title=\"N\u00e9vtelen terv-16\" title=\"Enlarge photo\"<\/a><div style=\"background-image:url(https:\/\/tortakiszallitas.hu\/wp-content\/uploads\/2024\/02\/Nevtelen-terv-16.jpg)\"><\/div><noscript><img decoding=\"async\" class=\"wpgb-noscript-img\" src=\"https:\/\/tortakiszallitas.hu\/wp-content\/uploads\/2024\/02\/Nevtelen-terv-16.jpg\" alt=\"\" height=\"500\" width=\"500\"><\/noscript><\/a><a class=\"wpgb-card-layer-link\"  data-lightbox=\"post-image\" href=\"https:\/\/tortakiszallitas.hu\/en\/termekek\/kiegeszitok\/feliratok\/torta-beszuro-2\/\"><\/a><\/div><div class=\"wpgb-card-media-content\" data-action><div class=\"wpgb-card-media-content-top\"><\/div><a class=\"wpgb-card-layer-link\" href=\"https:\/\/tortakiszallitas.hu\/en\/termekek\/kiegeszitok\/feliratok\/torta-beszuro-2\/\"><\/a><\/div><\/div><div class=\"wpgb-card-content wpgb-scheme-dark\"><div class=\"wpgb-card-body\"><h4 class=\"wpgb-block-4 product-list-title wpgb-idle-scheme-1 wpgb-hover-accent-1\"><a href=\"https:\/\/tortakiszallitas.hu\/en\/termekek\/kiegeszitok\/feliratok\/torta-beszuro-2\/\">Cake cutter 2<\/a><\/h4><\/div><div class=\"wpgb-card-footer\"><div class=\"wpgb-block-1 product-list-price wpgb-idle-accent-1\">1.500&nbsp;&#070;&#116;<\/div><\/div><\/div><\/div><\/div><\/article><article class=\"wpgb-card wpgb-card-3 wpgb-post-3385\" data-col=\"1\" data-row=\"1\" data-format=\"standard\"><div class=\"wpgb-card-wrapper\"><div class=\"wpgb-card-inner\"><div class=\"wpgb-card-media wpgb-scheme-light\"><svg data-ratio style=\"padding-top:109.09%\" viewbox=\"0 0 11 12\"><\/svg><div class=\"wpgb-card-media-thumbnail\"><a href=\"https:\/\/tortakiszallitas.hu\/wp-content\/uploads\/2024\/02\/Nevtelen-terv-17.jpg\" tabindex=\"-1\" class=\"wpgb-handle-lb wpgb-lightbox\" data-type=\"image\" data-rel=\"10\" data-title=\"N\u00e9vtelen terv-17\" title=\"Enlarge photo\"<\/a><div style=\"background-image:url(https:\/\/tortakiszallitas.hu\/wp-content\/uploads\/2024\/02\/Nevtelen-terv-17.jpg)\"><\/div><noscript><img decoding=\"async\" class=\"wpgb-noscript-img\" src=\"https:\/\/tortakiszallitas.hu\/wp-content\/uploads\/2024\/02\/Nevtelen-terv-17.jpg\" alt=\"\" height=\"500\" width=\"500\"><\/noscript><\/a><a class=\"wpgb-card-layer-link\"  data-lightbox=\"post-image\" href=\"https:\/\/tortakiszallitas.hu\/en\/termekek\/kiegeszitok\/feliratok\/torta-beszuro-3\/\"><\/a><\/div><div class=\"wpgb-card-media-content\" data-action><div class=\"wpgb-card-media-content-top\"><\/div><a class=\"wpgb-card-layer-link\" href=\"https:\/\/tortakiszallitas.hu\/en\/termekek\/kiegeszitok\/feliratok\/torta-beszuro-3\/\"><\/a><\/div><\/div><div class=\"wpgb-card-content wpgb-scheme-dark\"><div class=\"wpgb-card-body\"><h4 class=\"wpgb-block-4 product-list-title wpgb-idle-scheme-1 wpgb-hover-accent-1\"><a href=\"https:\/\/tortakiszallitas.hu\/en\/termekek\/kiegeszitok\/feliratok\/torta-beszuro-3\/\">Cake cutter 3<\/a><\/h4><\/div><div class=\"wpgb-card-footer\"><div class=\"wpgb-block-1 product-list-price wpgb-idle-accent-1\">1.500&nbsp;&#070;&#116;<\/div><\/div><\/div><\/div><\/div><\/article><article class=\"wpgb-card wpgb-card-3 wpgb-post-3391\" data-col=\"1\" data-row=\"1\" data-format=\"standard\"><div class=\"wpgb-card-wrapper\"><div class=\"wpgb-card-inner\"><div class=\"wpgb-card-media wpgb-scheme-light\"><svg data-ratio style=\"padding-top:109.09%\" viewbox=\"0 0 11 12\"><\/svg><div class=\"wpgb-card-media-thumbnail\"><a href=\"https:\/\/tortakiszallitas.hu\/wp-content\/uploads\/2024\/02\/Nevtelen-terv-19.jpg\" tabindex=\"-1\" class=\"wpgb-handle-lb wpgb-lightbox\" data-type=\"image\" data-rel=\"10\" data-title=\"N\u00e9vtelen terv-19\" title=\"Enlarge photo\"<\/a><div style=\"background-image:url(https:\/\/tortakiszallitas.hu\/wp-content\/uploads\/2024\/02\/Nevtelen-terv-19.jpg)\"><\/div><noscript><img decoding=\"async\" class=\"wpgb-noscript-img\" src=\"https:\/\/tortakiszallitas.hu\/wp-content\/uploads\/2024\/02\/Nevtelen-terv-19.jpg\" alt=\"\" height=\"500\" width=\"500\"><\/noscript><\/a><a class=\"wpgb-card-layer-link\"  data-lightbox=\"post-image\" href=\"https:\/\/tortakiszallitas.hu\/en\/termekek\/kiegeszitok\/feliratok\/torta-beszuro-4\/\"><\/a><\/div><div class=\"wpgb-card-media-content\" data-action><div class=\"wpgb-card-media-content-top\"><\/div><a class=\"wpgb-card-layer-link\" href=\"https:\/\/tortakiszallitas.hu\/en\/termekek\/kiegeszitok\/feliratok\/torta-beszuro-4\/\"><\/a><\/div><\/div><div class=\"wpgb-card-content wpgb-scheme-dark\"><div class=\"wpgb-card-body\"><h4 class=\"wpgb-block-4 product-list-title wpgb-idle-scheme-1 wpgb-hover-accent-1\"><a href=\"https:\/\/tortakiszallitas.hu\/en\/termekek\/kiegeszitok\/feliratok\/torta-beszuro-4\/\">Cake cutter 4<\/a><\/h4><\/div><div class=\"wpgb-card-footer\"><div class=\"wpgb-block-1 product-list-price wpgb-idle-accent-1\">1.500&nbsp;&#070;&#116;<\/div><\/div><\/div><\/div><\/div><\/article><article class=\"wpgb-card wpgb-card-3 wpgb-post-3392\" data-col=\"1\" data-row=\"1\" data-format=\"standard\"><div class=\"wpgb-card-wrapper\"><div class=\"wpgb-card-inner\"><div class=\"wpgb-card-media wpgb-scheme-light\"><svg data-ratio style=\"padding-top:109.09%\" viewbox=\"0 0 11 12\"><\/svg><div class=\"wpgb-card-media-thumbnail\"><a href=\"https:\/\/tortakiszallitas.hu\/wp-content\/uploads\/2024\/02\/Nevtelen-terv-18.jpg\" tabindex=\"-1\" class=\"wpgb-handle-lb wpgb-lightbox\" data-type=\"image\" data-rel=\"10\" data-title=\"N\u00e9vtelen terv-18\" title=\"Enlarge photo\"<\/a><div style=\"background-image:url(https:\/\/tortakiszallitas.hu\/wp-content\/uploads\/2024\/02\/Nevtelen-terv-18.jpg)\"><\/div><noscript><img decoding=\"async\" class=\"wpgb-noscript-img\" src=\"https:\/\/tortakiszallitas.hu\/wp-content\/uploads\/2024\/02\/Nevtelen-terv-18.jpg\" alt=\"\" height=\"500\" width=\"500\"><\/noscript><\/a><a class=\"wpgb-card-layer-link\"  data-lightbox=\"post-image\" href=\"https:\/\/tortakiszallitas.hu\/en\/termekek\/kiegeszitok\/feliratok\/torta-beszuro-5\/\"><\/a><\/div><div class=\"wpgb-card-media-content\" data-action><div class=\"wpgb-card-media-content-top\"><\/div><a class=\"wpgb-card-layer-link\" href=\"https:\/\/tortakiszallitas.hu\/en\/termekek\/kiegeszitok\/feliratok\/torta-beszuro-5\/\"><\/a><\/div><\/div><div class=\"wpgb-card-content wpgb-scheme-dark\"><div class=\"wpgb-card-body\"><h4 class=\"wpgb-block-4 product-list-title wpgb-idle-scheme-1 wpgb-hover-accent-1\"><a href=\"https:\/\/tortakiszallitas.hu\/en\/termekek\/kiegeszitok\/feliratok\/torta-beszuro-5\/\">Cake cutter 5<\/a><\/h4><\/div><div class=\"wpgb-card-footer\"><div class=\"wpgb-block-1 product-list-price wpgb-idle-accent-1\">1.500&nbsp;&#070;&#116;<\/div><\/div><\/div><\/div><\/div><\/article><article class=\"wpgb-card wpgb-card-3 wpgb-post-3394\" data-col=\"1\" data-row=\"1\" data-format=\"standard\"><div class=\"wpgb-card-wrapper\"><div class=\"wpgb-card-inner\"><div class=\"wpgb-card-media wpgb-scheme-light\"><svg data-ratio style=\"padding-top:109.09%\" viewbox=\"0 0 11 12\"><\/svg><div class=\"wpgb-card-media-thumbnail\"><a href=\"https:\/\/tortakiszallitas.hu\/wp-content\/uploads\/2024\/02\/Nevtelen-terv-20.jpg\" tabindex=\"-1\" class=\"wpgb-handle-lb wpgb-lightbox\" data-type=\"image\" data-rel=\"10\" data-title=\"N\u00e9vtelen terv-20\" title=\"Enlarge photo\"<\/a><div style=\"background-image:url(https:\/\/tortakiszallitas.hu\/wp-content\/uploads\/2024\/02\/Nevtelen-terv-20.jpg)\"><\/div><noscript><img decoding=\"async\" class=\"wpgb-noscript-img\" src=\"https:\/\/tortakiszallitas.hu\/wp-content\/uploads\/2024\/02\/Nevtelen-terv-20.jpg\" alt=\"\" height=\"500\" width=\"500\"><\/noscript><\/a><a class=\"wpgb-card-layer-link\"  data-lightbox=\"post-image\" href=\"https:\/\/tortakiszallitas.hu\/en\/termekek\/kiegeszitok\/feliratok\/torta-beszuro-6\/\"><\/a><\/div><div class=\"wpgb-card-media-content\" data-action><div class=\"wpgb-card-media-content-top\"><\/div><a class=\"wpgb-card-layer-link\" href=\"https:\/\/tortakiszallitas.hu\/en\/termekek\/kiegeszitok\/feliratok\/torta-beszuro-6\/\"><\/a><\/div><\/div><div class=\"wpgb-card-content wpgb-scheme-dark\"><div class=\"wpgb-card-body\"><h4 class=\"wpgb-block-4 product-list-title wpgb-idle-scheme-1 wpgb-hover-accent-1\"><a href=\"https:\/\/tortakiszallitas.hu\/en\/termekek\/kiegeszitok\/feliratok\/torta-beszuro-6\/\">Cake cutter 6<\/a><\/h4><\/div><div class=\"wpgb-card-footer\"><div class=\"wpgb-block-1 product-list-price wpgb-idle-accent-1\">1.500&nbsp;&#070;&#116;<\/div><\/div><\/div><\/div><\/div><\/article><article class=\"wpgb-card wpgb-card-3 wpgb-post-3393\" data-col=\"1\" data-row=\"1\" data-format=\"standard\"><div class=\"wpgb-card-wrapper\"><div class=\"wpgb-card-inner\"><div class=\"wpgb-card-media wpgb-scheme-light\"><svg data-ratio style=\"padding-top:109.09%\" viewbox=\"0 0 11 12\"><\/svg><div class=\"wpgb-card-media-thumbnail\"><a href=\"https:\/\/tortakiszallitas.hu\/wp-content\/uploads\/2024\/02\/Nevtelen-terv-25-1.jpg\" tabindex=\"-1\" class=\"wpgb-handle-lb wpgb-lightbox\" data-type=\"image\" data-rel=\"10\" data-title=\"N\u00e9vtelen terv-25\" title=\"Enlarge photo\"<\/a><div style=\"background-image:url(https:\/\/tortakiszallitas.hu\/wp-content\/uploads\/2024\/02\/Nevtelen-terv-25-1.jpg)\"><\/div><noscript><img decoding=\"async\" class=\"wpgb-noscript-img\" src=\"https:\/\/tortakiszallitas.hu\/wp-content\/uploads\/2024\/02\/Nevtelen-terv-25-1.jpg\" alt=\"\" height=\"500\" width=\"500\"><\/noscript><\/a><a class=\"wpgb-card-layer-link\"  data-lightbox=\"post-image\" href=\"https:\/\/tortakiszallitas.hu\/en\/termekek\/kiegeszitok\/feliratok\/torta-beszuro-7\/\"><\/a><\/div><div class=\"wpgb-card-media-content\" data-action><div class=\"wpgb-card-media-content-top\"><\/div><a class=\"wpgb-card-layer-link\" href=\"https:\/\/tortakiszallitas.hu\/en\/termekek\/kiegeszitok\/feliratok\/torta-beszuro-7\/\"><\/a><\/div><\/div><div class=\"wpgb-card-content wpgb-scheme-dark\"><div class=\"wpgb-card-body\"><h4 class=\"wpgb-block-4 product-list-title wpgb-idle-scheme-1 wpgb-hover-accent-1\"><a href=\"https:\/\/tortakiszallitas.hu\/en\/termekek\/kiegeszitok\/feliratok\/torta-beszuro-7\/\">Cake cutter 7<\/a><\/h4><\/div><div class=\"wpgb-card-footer\"><div class=\"wpgb-block-1 product-list-price wpgb-idle-accent-1\">1.500&nbsp;&#070;&#116;<\/div><\/div><\/div><\/div><\/div><\/article><article class=\"wpgb-card wpgb-card-3 wpgb-post-3153\" data-col=\"1\" data-row=\"1\" data-format=\"standard\"><div class=\"wpgb-card-wrapper\"><div class=\"wpgb-card-inner\"><div class=\"wpgb-card-media wpgb-scheme-light\"><svg data-ratio style=\"padding-top:109.09%\" viewbox=\"0 0 11 12\"><\/svg><div class=\"wpgb-card-media-thumbnail\"><a href=\"https:\/\/tortakiszallitas.hu\/wp-content\/uploads\/2024\/01\/Nevtelen-terv-24.jpg\" tabindex=\"-1\" class=\"wpgb-handle-lb wpgb-lightbox\" data-type=\"image\" data-rel=\"10\" data-title=\"N\u00e9vtelen terv-24\" title=\"Enlarge photo\"<\/a><div style=\"background-image:url(https:\/\/tortakiszallitas.hu\/wp-content\/uploads\/2024\/01\/Nevtelen-terv-24.jpg)\"><\/div><noscript><img decoding=\"async\" class=\"wpgb-noscript-img\" src=\"https:\/\/tortakiszallitas.hu\/wp-content\/uploads\/2024\/01\/Nevtelen-terv-24.jpg\" alt=\"\" height=\"500\" width=\"500\"><\/noscript><\/a><a class=\"wpgb-card-layer-link\"  data-lightbox=\"post-image\" href=\"https:\/\/tortakiszallitas.hu\/en\/termekek\/kiegeszitok\/feliratok\/torta-felirat\/\"><\/a><\/div><div class=\"wpgb-card-media-content\" data-action><div class=\"wpgb-card-media-content-top\"><\/div><a class=\"wpgb-card-layer-link\" href=\"https:\/\/tortakiszallitas.hu\/en\/termekek\/kiegeszitok\/feliratok\/torta-felirat\/\"><\/a><\/div><\/div><div class=\"wpgb-card-content wpgb-scheme-dark\"><div class=\"wpgb-card-body\"><h4 class=\"wpgb-block-4 product-list-title wpgb-idle-scheme-1 wpgb-hover-accent-1\"><a href=\"https:\/\/tortakiszallitas.hu\/en\/termekek\/kiegeszitok\/feliratok\/torta-felirat\/\">Cake inscription<\/a><\/h4><\/div><div class=\"wpgb-card-footer\"><div class=\"wpgb-block-1 product-list-price wpgb-idle-accent-1\">690&nbsp;&#070;&#116;<\/div><\/div><\/div><\/div><\/div><\/article><article class=\"wpgb-card wpgb-card-3 wpgb-post-3147\" data-col=\"1\" data-row=\"1\" data-format=\"standard\"><div class=\"wpgb-card-wrapper\"><div class=\"wpgb-card-inner\"><div class=\"wpgb-card-media wpgb-scheme-light\"><svg data-ratio style=\"padding-top:109.09%\" viewbox=\"0 0 11 12\"><\/svg><div class=\"wpgb-card-media-thumbnail\"><a href=\"https:\/\/tortakiszallitas.hu\/wp-content\/uploads\/2024\/01\/Nevtelen-terv-23.jpg\" tabindex=\"-1\" class=\"wpgb-handle-lb wpgb-lightbox\" data-type=\"image\" data-rel=\"10\" data-title=\"N\u00e9vtelen terv-23\" title=\"Enlarge photo\"<\/a><div style=\"background-image:url(https:\/\/tortakiszallitas.hu\/wp-content\/uploads\/2024\/01\/Nevtelen-terv-23.jpg)\"><\/div><noscript><img decoding=\"async\" class=\"wpgb-noscript-img\" src=\"https:\/\/tortakiszallitas.hu\/wp-content\/uploads\/2024\/01\/Nevtelen-terv-23.jpg\" alt=\"\" height=\"500\" width=\"500\"><\/noscript><\/a><a class=\"wpgb-card-layer-link\"  data-lightbox=\"post-image\" href=\"https:\/\/tortakiszallitas.hu\/en\/termekek\/kiegeszitok\/tuzijatekok\/torta-tuzijatek\/\"><\/a><\/div><div class=\"wpgb-card-media-content\" data-action><div class=\"wpgb-card-media-content-top\"><\/div><a class=\"wpgb-card-layer-link\" href=\"https:\/\/tortakiszallitas.hu\/en\/termekek\/kiegeszitok\/tuzijatekok\/torta-tuzijatek\/\"><\/a><\/div><\/div><div class=\"wpgb-card-content wpgb-scheme-dark\"><div class=\"wpgb-card-body\"><h4 class=\"wpgb-block-4 product-list-title wpgb-idle-scheme-1 wpgb-hover-accent-1\"><a href=\"https:\/\/tortakiszallitas.hu\/en\/termekek\/kiegeszitok\/tuzijatekok\/torta-tuzijatek\/\">Cake fireworks<\/a><\/h4><\/div><div class=\"wpgb-card-footer\"><div class=\"wpgb-block-1 product-list-price wpgb-idle-accent-1\">650&nbsp;&#070;&#116;<\/div><\/div><\/div><\/div><\/div><\/article><article class=\"wpgb-card wpgb-card-3 wpgb-post-3146\" data-col=\"1\" data-row=\"1\" data-format=\"standard\"><div class=\"wpgb-card-wrapper\"><div class=\"wpgb-card-inner\"><div class=\"wpgb-card-media wpgb-scheme-light\"><svg data-ratio style=\"padding-top:109.09%\" viewbox=\"0 0 11 12\"><\/svg><div class=\"wpgb-card-media-thumbnail\"><a href=\"https:\/\/tortakiszallitas.hu\/wp-content\/uploads\/2024\/01\/Nevtelen-terv-22.jpg\" tabindex=\"-1\" class=\"wpgb-handle-lb wpgb-lightbox\" data-type=\"image\" data-rel=\"10\" data-title=\"N\u00e9vtelen terv-22\" title=\"Enlarge photo\"<\/a><div style=\"background-image:url(https:\/\/tortakiszallitas.hu\/wp-content\/uploads\/2024\/01\/Nevtelen-terv-22.jpg)\"><\/div><noscript><img decoding=\"async\" class=\"wpgb-noscript-img\" src=\"https:\/\/tortakiszallitas.hu\/wp-content\/uploads\/2024\/01\/Nevtelen-terv-22.jpg\" alt=\"\" height=\"500\" width=\"500\"><\/noscript><\/a><a class=\"wpgb-card-layer-link\"  data-lightbox=\"post-image\" href=\"https:\/\/tortakiszallitas.hu\/en\/termekek\/kiegeszitok\/gyertyak\/tortagyertya\/\"><\/a><\/div><div class=\"wpgb-card-media-content\" data-action><div class=\"wpgb-card-media-content-top\"><\/div><a class=\"wpgb-card-layer-link\" href=\"https:\/\/tortakiszallitas.hu\/en\/termekek\/kiegeszitok\/gyertyak\/tortagyertya\/\"><\/a><\/div><\/div><div class=\"wpgb-card-content wpgb-scheme-dark\"><div class=\"wpgb-card-body\"><h4 class=\"wpgb-block-4 product-list-title wpgb-idle-scheme-1 wpgb-hover-accent-1\"><a href=\"https:\/\/tortakiszallitas.hu\/en\/termekek\/kiegeszitok\/gyertyak\/tortagyertya\/\">Cake candle<\/a><\/h4><\/div><div class=\"wpgb-card-footer\"><div class=\"wpgb-block-1 product-list-price wpgb-idle-accent-1\">60&nbsp;&#070;&#116;<\/div><\/div><\/div><\/div><\/div><\/article><article class=\"wpgb-card wpgb-card-3 wpgb-post-3145\" data-col=\"1\" data-row=\"1\" data-format=\"standard\"><div class=\"wpgb-card-wrapper\"><div class=\"wpgb-card-inner\"><div class=\"wpgb-card-media wpgb-scheme-light\"><svg data-ratio style=\"padding-top:109.09%\" viewbox=\"0 0 11 12\"><\/svg><div class=\"wpgb-card-media-thumbnail\"><a href=\"https:\/\/tortakiszallitas.hu\/wp-content\/uploads\/2024\/01\/Nevtelen-terv-21-1.jpg\" tabindex=\"-1\" class=\"wpgb-handle-lb wpgb-lightbox\" data-type=\"image\" data-rel=\"10\" data-title=\"N\u00e9vtelen terv-21\" title=\"Enlarge photo\"<\/a><div style=\"background-image:url(https:\/\/tortakiszallitas.hu\/wp-content\/uploads\/2024\/01\/Nevtelen-terv-21-1.jpg)\"><\/div><noscript><img decoding=\"async\" class=\"wpgb-noscript-img\" src=\"https:\/\/tortakiszallitas.hu\/wp-content\/uploads\/2024\/01\/Nevtelen-terv-21-1.jpg\" alt=\"\" height=\"500\" width=\"500\"><\/noscript><\/a><a class=\"wpgb-card-layer-link\" href=\"https:\/\/tortakiszallitas.hu\/en\/termekek\/kiegeszitok\/gyertyak\/szam-gyertya\/\"><\/a><\/div><div class=\"wpgb-card-media-content\" data-action><div class=\"wpgb-card-media-content-top\"><\/div><a class=\"wpgb-card-layer-link\" href=\"https:\/\/tortakiszallitas.hu\/en\/termekek\/kiegeszitok\/gyertyak\/szam-gyertya\/\"><\/a><\/div><\/div><div class=\"wpgb-card-content wpgb-scheme-dark\"><div class=\"wpgb-card-body\"><h4 class=\"wpgb-block-4 product-list-title wpgb-idle-scheme-1 wpgb-hover-accent-1\"><a href=\"https:\/\/tortakiszallitas.hu\/en\/termekek\/kiegeszitok\/gyertyak\/szam-gyertya\/\">Number candle<\/a><\/h4><\/div><div class=\"wpgb-card-footer\"><div class=\"wpgb-block-1 product-list-price wpgb-idle-accent-1\">250&nbsp;&#070;&#116;<\/div><\/div><\/div><\/div><\/div><\/article>\t\t<\/div>\n\t<\/div>\n\t<\/div>\n\t<\/div>\n\t\t<\/div>\n<\/div>\n<\/div>","protected":false},"excerpt":{"rendered":"","protected":false},"author":6,"featured_media":0,"parent":0,"menu_order":0,"comment_status":"closed","ping_status":"closed","template":"","meta":{"_acf_changed":false,"_seopress_robots_primary_cat":"","_seopress_titles_title":"Tortad\u00edszek, torta dekor\u00e1ci\u00f3, torta kell\u00e9kek rendel\u00e9se | Tortakisz\u00e1ll\u00edt\u00e1s.hu","_seopress_titles_desc":"Tortad\u00edszek \u00e9s torta dekor\u00e1ci\u00f3, hogy teljes legyen az \u00fcnnepi \u00e9lm\u00e9ny. V\u00e1logass a torta kell\u00e9kek k\u00f6zt t\u0151l\u00fcnk rendelt \u00fcnnepi finoms\u00e1godhoz.","_seopress_robots_index":"","inline_featured_image":false,"footnotes":""},"class_list":["post-338","page","type-page","status-publish"],"acf":[],"_links":{"self":[{"href":"https:\/\/tortakiszallitas.hu\/en\/wp-json\/wp\/v2\/pages\/338","targetHints":{"allow":["GET"]}}],"collection":[{"href":"https:\/\/tortakiszallitas.hu\/en\/wp-json\/wp\/v2\/pages"}],"about":[{"href":"https:\/\/tortakiszallitas.hu\/en\/wp-json\/wp\/v2\/types\/page"}],"author":[{"embeddable":true,"href":"https:\/\/tortakiszallitas.hu\/en\/wp-json\/wp\/v2\/users\/6"}],"replies":[{"embeddable":true,"href":"https:\/\/tortakiszallitas.hu\/en\/wp-json\/wp\/v2\/comments?post=338"}],"version-history":[{"count":1,"href":"https:\/\/tortakiszallitas.hu\/en\/wp-json\/wp\/v2\/pages\/338\/revisions"}],"predecessor-version":[{"id":5126,"href":"https:\/\/tortakiszallitas.hu\/en\/wp-json\/wp\/v2\/pages\/338\/revisions\/5126"}],"wp:attachment":[{"href":"https:\/\/tortakiszallitas.hu\/en\/wp-json\/wp\/v2\/media?parent=338"}],"curies":[{"name":"wp","href":"https:\/\/api.w.org\/{rel}","templated":true}]}}