{"id":194,"date":"2023-08-19T17:41:13","date_gmt":"2023-08-19T15:41:13","guid":{"rendered":"https:\/\/sweet.neonweb.hu\/?page_id=194"},"modified":"2026-03-18T15:00:22","modified_gmt":"2026-03-18T14:00:22","slug":"contact","status":"publish","type":"page","link":"https:\/\/tortakiszallitas.hu\/en\/contact\/","title":{"rendered":"Contact"},"content":{"rendered":"<div class=\"gb-container gb-container-d54aaaeb breadcrumbs underline0\">\n<nav  aria-label=\"breadcrumb\"><ol class=\"breadcrumb\" itemscope itemtype=\"https:\/\/schema.org\/BreadcrumbList\"><li class=\"breadcrumb-item active\" aria-current=\"page\" itemprop=\"itemListElement\" itemscope itemtype=\"https:\/\/schema.org\/ListItem\"><span itemprop=\"name\">Home<\/span><meta itemprop=\"position\" content=\"1\"><\/li><\/ol><\/nav>\n<\/div><div class=\"gb-container gb-container-f1b9c034 alignwide\">\n<div class=\"gb-container gb-container-102be790\">\n<h1 class=\"gb-headline gb-headline-124ce6ed gb-headline-text\">Contact<\/h1>\n\n<div class=\"gb-container gb-container-6a296a49\">\n<div class=\"gb-container gb-container-a8b94a2f pb30\">\n<figure class=\"gb-block-image gb-block-image-c2e52546\"><img decoding=\"async\" width=\"26\" height=\"33\" class=\"gb-image gb-image-c2e52546\" src=\"https:\/\/tortakiszallitas.hu\/wp-content\/uploads\/2023\/08\/Location-gold.svg\" alt=\"\"\/><\/figure>\n\n<p class=\"gb-headline gb-headline-921c170a gb-headline-text mb0 underline0\"><a href=\"https:\/\/maps.app.goo.gl\/KS8X8UbKtrynRzmS7\" data-type=\"link\" data-id=\"https:\/\/maps.app.goo.gl\/vkwQUACtHzbW3Xbf9\" target=\"_blank\" rel=\"noreferrer noopener\">1062, Budapest, Andr\u00e1ssy u. 56.<\/a><\/p>\n<\/div>\n\n<div class=\"gb-container gb-container-04645c13 pb30\">\n<figure class=\"gb-block-image gb-block-image-371422ec\"><img decoding=\"async\" width=\"30\" height=\"23\" class=\"gb-image gb-image-371422ec\" src=\"https:\/\/tortakiszallitas.hu\/wp-content\/uploads\/2023\/08\/mail.svg\" alt=\"\"\/><\/figure>\n\n<p class=\"gb-headline gb-headline-be97bb2e gb-headline-text mb0 underline0\"><a href=\"mailto:info@tortakiszallitas.hu\" data-type=\"mailto\" data-id=\"mailto:info@tortakiszallitas.hu\" target=\"_blank\" rel=\"noreferrer noopener\">info@tortakiszallitas.hu<\/a><\/p>\n<\/div>\n\n<div class=\"gb-container gb-container-1a3df63b\">\n<figure class=\"gb-block-image gb-block-image-f9168268\"><img decoding=\"async\" width=\"26\" height=\"26\" class=\"gb-image gb-image-f9168268\" src=\"https:\/\/tortakiszallitas.hu\/wp-content\/uploads\/2023\/08\/call.svg\" alt=\"\"\/><\/figure>\n\n<div class=\"wp-block-group is-nowrap is-layout-flex wp-container-core-group-is-layout-1 wp-block-group-is-layout-flex\"><p><a href=\"tel:+36301941961\" data-type=\"tel\" data-id=\"tel:+36301941961\">+36 30 194 1961<\/a><\/p>\n\n<p>(9:00-15:00 k\u00f6z\u00f6tt h\u00edvhat\u00f3)<\/p><\/div>\n<\/div>\n<\/div>\n\n<div class=\"gb-container gb-container-631f1d21\">\n<p class=\"gb-headline gb-headline-00f4869f gb-headline-text subtitle\">Follow us<\/p>\n\n<div class=\"gb-container gb-container-497f1431\">\n<figure class=\"gb-block-image gb-block-image-d9bd7a4e\"><a href=\"https:\/\/www.facebook.com\/Tortakiszallitas\" target=\"_blank\" rel=\"noopener noreferrer\"><img decoding=\"async\" width=\"30\" height=\"30\" class=\"gb-image gb-image-d9bd7a4e\" src=\"https:\/\/tortakiszallitas.hu\/wp-content\/uploads\/2023\/08\/Facebook-gold.svg\" alt=\"\"\/><\/a><\/figure>\n\n<figure class=\"gb-block-image gb-block-image-df6c1197\"><a href=\"https:\/\/www.instagram.com\/vintagegardenbistro\/\" target=\"_blank\" rel=\"noopener noreferrer\"><img decoding=\"async\" width=\"30\" height=\"30\" class=\"gb-image gb-image-df6c1197\" src=\"https:\/\/tortakiszallitas.hu\/wp-content\/uploads\/2023\/08\/Insta-gold.svg\" alt=\"\"\/><\/a><\/figure>\n\n<figure class=\"gb-block-image gb-block-image-f013fbab\"><a href=\"https:\/\/m.me\/vintagegardenbudapest\" target=\"_blank\" rel=\"noopener noreferrer\"><img decoding=\"async\" width=\"32\" height=\"32\" class=\"gb-image gb-image-f013fbab\" src=\"https:\/\/tortakiszallitas.hu\/wp-content\/uploads\/2023\/08\/Messenger-gold.svg\" alt=\"\"\/><\/a><\/figure>\n<\/div>\n<\/div>\n\n<div class=\"gb-container gb-container-e46041b6\">\n<p class=\"gb-headline gb-headline-07dc69e5 gb-headline-text subtitle\">RENDEL\u00c9S \u00c1TV\u00c9TEL A Neked k\u00e9sz\u00fcl k\u00e1v\u00e9z\u00f3ban<\/p>\n\n<div class=\"gb-container gb-container-31ef9cd7\">\n<div class=\"gb-grid-wrapper gb-grid-wrapper-7c2887a3\">\n<div class=\"gb-grid-column gb-grid-column-22d86ade\"><div class=\"gb-container gb-container-22d86ade\">\n<p class=\"gb-headline gb-headline-60673e38 gb-headline-text\">Monday \u2013 Sunday<\/p>\n<\/div><\/div>\n\n<div class=\"gb-grid-column gb-grid-column-0da537ed\"><div class=\"gb-container gb-container-0da537ed\">\n<p class=\"gb-headline gb-headline-6cc2dc9f gb-headline-text\">9:00-18:00<\/p>\n<\/div><\/div>\n<\/div>\n<\/div>\n<\/div>\n<\/div>\n\n<div class=\"gb-container gb-container-42a2212e\">\n<iframe src=\"https:\/\/www.google.com\/maps\/embed?pb=!1m18!1m12!1m3!1d2695.150340478278!2d19.06216371158569!3d47.50646329476743!2m3!1f0!2f0!3f0!3m2!1i1024!2i768!4f13.1!3m3!1m2!1s0x4741dd3f0d287b77%3A0x2ce172e9c634724f!2zTmVrZWQga8Opc3rDvGw!5e0!3m2!1shu!2shu!4v1772555315732!5m2!1shu!2shu\" width=\"900\" height=\"1000\" style=\"border:0;\" allowfullscreen=\"\" loading=\"lazy\" referrerpolicy=\"no-referrer-when-downgrade\"><\/iframe>\n<\/div>\n<\/div><div class=\"gb-container gb-container-028bcc5b\">\n<div class=\"gb-container gb-container-836a5fbf\">\n<h2 class=\"gb-headline gb-headline-c9a03630 gb-headline-text greatvibes-60\">Message us<\/h2>\n\n<figure class=\"gb-block-image gb-block-image-2ccc5ccc\"><img decoding=\"async\" width=\"80\" height=\"11\" class=\"gb-image gb-image-2ccc5ccc\" src=\"https:\/\/tortakiszallitas.hu\/wp-content\/uploads\/2023\/08\/separator.svg\" alt=\"\"\/><\/figure>\n<\/div>\n\n<div class=\"gb-container gb-container-0152d6ff\">\n<script>\nvar gform;gform||(document.addEventListener(\"gform_main_scripts_loaded\",function(){gform.scriptsLoaded=!0}),document.addEventListener(\"gform\/theme\/scripts_loaded\",function(){gform.themeScriptsLoaded=!0}),window.addEventListener(\"DOMContentLoaded\",function(){gform.domLoaded=!0}),gform={domLoaded:!1,scriptsLoaded:!1,themeScriptsLoaded:!1,isFormEditor:()=>\"function\"==typeof InitializeEditor,callIfLoaded:function(o){return!(!gform.domLoaded||!gform.scriptsLoaded||!gform.themeScriptsLoaded&&!gform.isFormEditor()||(gform.isFormEditor()&&console.warn(\"The use of gform.initializeOnLoaded() is deprecated in the form editor context and will be removed in Gravity Forms 3.1.\"),o(),0))},initializeOnLoaded:function(o){gform.callIfLoaded(o)||(document.addEventListener(\"gform_main_scripts_loaded\",()=>{gform.scriptsLoaded=!0,gform.callIfLoaded(o)}),document.addEventListener(\"gform\/theme\/scripts_loaded\",()=>{gform.themeScriptsLoaded=!0,gform.callIfLoaded(o)}),window.addEventListener(\"DOMContentLoaded\",()=>{gform.domLoaded=!0,gform.callIfLoaded(o)}))},hooks:{action:{},filter:{}},addAction:function(o,r,e,t){gform.addHook(\"action\",o,r,e,t)},addFilter:function(o,r,e,t){gform.addHook(\"filter\",o,r,e,t)},doAction:function(o){gform.doHook(\"action\",o,arguments)},applyFilters:function(o){return gform.doHook(\"filter\",o,arguments)},removeAction:function(o,r){gform.removeHook(\"action\",o,r)},removeFilter:function(o,r,e){gform.removeHook(\"filter\",o,r,e)},addHook:function(o,r,e,t,n){null==gform.hooks[o][r]&&(gform.hooks[o][r]=[]);var d=gform.hooks[o][r];null==n&&(n=r+\"_\"+d.length),gform.hooks[o][r].push({tag:n,callable:e,priority:t=null==t?10:t})},doHook:function(r,o,e){var t;if(e=Array.prototype.slice.call(e,1),null!=gform.hooks[r][o]&&((o=gform.hooks[r][o]).sort(function(o,r){return o.priority-r.priority}),o.forEach(function(o){\"function\"!=typeof(t=o.callable)&&(t=window[t]),\"action\"==r?t.apply(null,e):e[0]=t.apply(null,e)})),\"filter\"==r)return e[0]},removeHook:function(o,r,t,n){var e;null!=gform.hooks[o][r]&&(e=(e=gform.hooks[o][r]).filter(function(o,r,e){return!!(null!=n&&n!=o.tag||null!=t&&t!=o.priority)}),gform.hooks[o][r]=e)}});\n<\/script>\n\n                <div class='gf_browser_gecko gform_wrapper gravity-theme gform-theme--no-framework' data-form-theme='gravity-theme' data-form-index='0' id='gform_wrapper_2' ><div id='gf_2' class='gform_anchor' tabindex='-1'><\/div><form method='post' enctype='multipart\/form-data' target='gform_ajax_frame_2' id='gform_2'  action='\/en\/wp-json\/wp\/v2\/pages\/194#gf_2' data-formid='2' novalidate data-trp-original-action=\"\/en\/wp-json\/wp\/v2\/pages\/194#gf_2\">\n                        <div class='gform-body gform_body'><div id='gform_fields_2' class='gform_fields top_label form_sublabel_below description_below validation_below'><div id=\"field_2_10\" class=\"gfield gfield--type-honeypot gform_validation_container field_sublabel_below gfield--has-description field_description_below field_validation_below gfield_visibility_visible\"  ><label class='gfield_label gform-field-label' for='input_2_10'>X\/Twitter<\/label><div class='ginput_container'><input name='input_10' id='input_2_10' type='text' value='' autocomplete='new-password'\/><\/div><div class='gfield_description' id='gfield_description_2_10'>This field is for validation purposes and should be left unchanged.<\/div><\/div><fieldset id=\"field_2_1\" class=\"gfield gfield--type-name gfield--input-type-name gfield--width-half gfield_contains_required field_sublabel_hidden_label gfield--no-description field_description_below field_validation_below gfield_visibility_visible\"  ><legend class='gfield_label gform-field-label gfield_label_before_complex' >Last name<span class=\"gfield_required\"><span class=\"gfield_required gfield_required_text\">(Required)<\/span><\/span><\/legend><div class='ginput_complex ginput_container ginput_container--name no_prefix has_first_name no_middle_name no_last_name no_suffix gf_name_has_1 ginput_container_name gform-grid-row' id='input_2_1'>\n                            \n                            <span id='input_2_1_3_container' class='name_first gform-grid-col gform-grid-col--size-auto' >\n                                                    <input type='text' name='input_1.3' id='input_2_1_3' value=''   aria-required='true'   placeholder='Last name'  \/>\n                                                    <label for='input_2_1_3' class='gform-field-label gform-field-label--type-sub hidden_sub_label screen-reader-text'>Last name<\/label>\n                                                <\/span>\n                            \n                            \n                            \n                        <\/div><\/fieldset><fieldset id=\"field_2_7\" class=\"gfield gfield--type-name gfield--input-type-name gfield--width-half gfield_contains_required field_sublabel_hidden_label gfield--no-description field_description_below field_validation_below gfield_visibility_visible\"  ><legend class='gfield_label gform-field-label gfield_label_before_complex' >First name<span class=\"gfield_required\"><span class=\"gfield_required gfield_required_text\">(Required)<\/span><\/span><\/legend><div class='ginput_complex ginput_container ginput_container--name no_prefix no_first_name no_middle_name has_last_name no_suffix gf_name_has_1 ginput_container_name gform-grid-row' id='input_2_7'>\n                            \n                            \n                            \n                            <span id='input_2_7_6_container' class='name_last gform-grid-col gform-grid-col--size-auto' >\n                                                    <input type='text' name='input_7.6' id='input_2_7_6' value=''   aria-required='true'   placeholder='First name'  \/>\n                                                    <label for='input_2_7_6' class='gform-field-label gform-field-label--type-sub hidden_sub_label screen-reader-text'>First name<\/label>\n                                                <\/span>\n                            \n                        <\/div><\/fieldset><div id=\"field_2_3\" class=\"gfield gfield--type-email gfield--input-type-email gfield--width-half gfield_contains_required field_sublabel_below gfield--no-description field_description_below field_validation_below gfield_visibility_visible\"  ><label class='gfield_label gform-field-label' for='input_2_3'>Email<span class=\"gfield_required\"><span class=\"gfield_required gfield_required_text\">(Required)<\/span><\/span><\/label><div class='ginput_container ginput_container_email'>\n                            <input name='input_3' id='input_2_3' type='email' value='' class='large'   placeholder='E-mail' aria-required=\"true\" aria-invalid=\"false\"  \/>\n                        <\/div><\/div><div id=\"field_2_9\" class=\"gfield gfield--type-phone gfield--input-type-phone gfield--width-half gfield_contains_required field_sublabel_below gfield--no-description field_description_below field_validation_below gfield_visibility_visible pcafe_sp_field\"  data-field-class=\"pcafe_sp_field\" ><label class='gfield_label gform-field-label' for='input_2_9'>Phone<span class=\"gfield_required\"><span class=\"gfield_required gfield_required_text\">(Required)<\/span><\/span><\/label><div class='ginput_container ginput_container_phone'><span class='spf-phone error-msg hide'><\/span><span class='spf-phone valid-msg hide'><\/span><input name='input_9' id='input_2_9' type='tel' value='' class='large'   aria-required=\"true\" aria-invalid=\"false\"   \/><\/div><\/div><div id=\"field_2_4\" class=\"gfield gfield--type-textarea gfield--input-type-textarea gfield--width-half gform-field-row--span-three gfield_contains_required field_sublabel_below gfield--no-description field_description_below hidden_label field_validation_below gfield_visibility_visible\"  ><label class='gfield_label gform-field-label' for='input_2_4'>Message<span class=\"gfield_required\"><span class=\"gfield_required gfield_required_text\">(Required)<\/span><\/span><\/label><div class='ginput_container ginput_container_textarea'><textarea name='input_4' id='input_2_4' class='textarea medium'    placeholder='Message' aria-required=\"true\" aria-invalid=\"false\"   rows='10' cols='50'><\/textarea><\/div><\/div><fieldset id=\"field_2_5\" class=\"gfield gfield--type-consent gfield--type-choice gfield--input-type-consent gfield--width-half gfield_contains_required field_sublabel_below gfield--no-description field_description_below hidden_label field_validation_below gfield_visibility_visible\"  ><legend class='gfield_label gform-field-label gfield_label_before_complex' >Adatv\u00e9delem<span class=\"gfield_required\"><span class=\"gfield_required gfield_required_text\">(Required)<\/span><\/span><\/legend><div class='ginput_container ginput_container_consent'><input name='input_5.1' id='input_2_5_1' type='checkbox' value='1'   aria-required=\"true\" aria-invalid=\"false\"   \/> <label class=\"gform-field-label gform-field-label--type-inline gfield_consent_label\" for='input_2_5_1' >I accept the <a href=\"https:\/\/tortakiszallitas.hu\/en\/adatkezelesi-tajekoztato\/\" target=\"_blank\" >privacy policy<\/a>.<span class=\"gfield_required gfield_required_text\">(Required)<\/span><\/label><input type='hidden' name='input_5.2' value='Elfogadom az &lt;a href=&quot;https:\/\/tortakiszallitas.hu\/adatkezelesi-tajekoztato\/&quot; target=&quot;_blank&quot; &gt;adatv\u00e9delmi szab\u00e1lyzatot&lt;\/a&gt;.' class='gform_hidden' \/><input type='hidden' name='input_5.3' value='1' class='gform_hidden' \/><\/div><\/fieldset><div id=\"field_submit\" class=\"gfield gfield--type-submit gfield--width-full field_sublabel_below gfield--no-description field_description_below field_validation_below gfield_visibility_visible\"  data-field-class=\"gform_editor_submit_container\" data-field-position=\"inline\" ><input type='submit' id='gform_submit_button_2' class='gform-button gform-button--white  button' onclick='gform.submission.handleButtonClick(this);' data-submission-type='submit' value='Send'  \/><\/div><\/div><\/div>\n        <div class='gform-footer gform_footer top_label'>  <input type='hidden' name='gform_ajax' value='form_id=2&amp;title=&amp;description=&amp;tabindex=0&amp;theme=gravity-theme&amp;styles={&quot;inputPrimaryColor&quot;:&quot;#204ce5&quot;}&amp;hash=5d54bf1598d706a6b32360742c72f200' \/>\n            <input type='hidden' class='gform_hidden' name='gform_submission_method' data-js='gform_submission_method_2' value='iframe' \/>\n            <input type='hidden' class='gform_hidden' name='gform_theme' data-js='gform_theme_2' id='gform_theme_2' value='gravity-theme' \/>\n            <input type='hidden' class='gform_hidden' name='gform_style_settings' data-js='gform_style_settings_2' id='gform_style_settings_2' value='{&quot;inputPrimaryColor&quot;:&quot;#204ce5&quot;}' \/>\n            <input type='hidden' class='gform_hidden' name='is_submit_2' value='1' \/>\n            <input type='hidden' class='gform_hidden' name='gform_submit' value='2' \/>\n            \n            <input type='hidden' class='gform_hidden' name='gform_currency' data-currency='HUF' value='azp7P6O18rxpWWSv+WOKiNYXXsLpWNY7CsRv4tsaqZP80ZbwHBdoizFCkzDoJA8cOrVBu5gWD5d\/3+WQmA0AloeOGl3tiFDxK3XP5F2KBeEZtUk=' \/>\n            <input type='hidden' class='gform_hidden' name='gform_unique_id' value='' \/>\n            <input type='hidden' class='gform_hidden' name='state_2' value='WyJ7XCI1LjFcIjpcIjA4Y2UxNzVmNGY4YzA5YmI4NGYwYjIyYzE1YTExZDZiXCIsXCI1LjJcIjpcIjA0NGM1OGJhMGRmYWE3NGZjYTYxMmIyMmZkNzhjMDdkXCIsXCI1LjNcIjpcIjA4Y2UxNzVmNGY4YzA5YmI4NGYwYjIyYzE1YTExZDZiXCJ9IiwiNjE4Mjg4NWE2NGNiZWQ4ZGRlOTdkYTg0NjE1MWJjYzIiXQ==' \/>\n            <input type='hidden' autocomplete='off' class='gform_hidden' name='gform_target_page_number_2' id='gform_target_page_number_2' value='0' \/>\n            <input type='hidden' autocomplete='off' class='gform_hidden' name='gform_source_page_number_2' id='gform_source_page_number_2' value='1' \/>\n            <input type='hidden' name='gform_field_values' value='' \/>\n            \n        <\/div>\n                        <input type=\"hidden\" name=\"trp-form-language\" value=\"en\"\/><\/form>\n                        <\/div>\n\t\t                <iframe style='display:none;width:0px;height:0px;' src='about:blank' name='gform_ajax_frame_2' id='gform_ajax_frame_2' title='This iframe contains the logic required to handle Ajax powered Gravity Forms.'><\/iframe>\n\t\t                <script>\ngform.initializeOnLoaded( function() {gformInitSpinner( 2, 'https:\/\/tortakiszallitas.hu\/wp-content\/plugins\/gravityforms\/images\/spinner.svg', true );jQuery('#gform_ajax_frame_2').on('load',function(){var contents = jQuery(this).contents().find('*').html();var is_postback = contents.indexOf('GF_AJAX_POSTBACK') >= 0;if(!is_postback){return;}var form_content = jQuery(this).contents().find('#gform_wrapper_2');var is_confirmation = jQuery(this).contents().find('#gform_confirmation_wrapper_2').length > 0;var is_redirect = contents.indexOf('gformRedirect(){') >= 0;var is_form = form_content.length > 0 && ! is_redirect && ! is_confirmation;var mt = parseInt(jQuery('html').css('margin-top'), 10) + parseInt(jQuery('body').css('margin-top'), 10) + 100;if(is_form){jQuery('#gform_wrapper_2').html(form_content.html());if(form_content.hasClass('gform_validation_error')){jQuery('#gform_wrapper_2').addClass('gform_validation_error');} else {jQuery('#gform_wrapper_2').removeClass('gform_validation_error');}setTimeout( function() { \/* delay the scroll by 50 milliseconds to fix a bug in chrome *\/ jQuery(document).scrollTop(jQuery('#gform_wrapper_2').offset().top - mt); }, 50 );if(window['gformInitDatepicker']) {gformInitDatepicker();}if(window['gformInitPriceFields']) {gformInitPriceFields();}var current_page = jQuery('#gform_source_page_number_2').val();gformInitSpinner( 2, 'https:\/\/tortakiszallitas.hu\/wp-content\/plugins\/gravityforms\/images\/spinner.svg', true );jQuery(document).trigger('gform_page_loaded', [2, current_page]);window['gf_submitting_2'] = false;}else if(!is_redirect){var confirmation_content = jQuery(this).contents().find('.GF_AJAX_POSTBACK').html();if(!confirmation_content){confirmation_content = contents;}jQuery('#gform_wrapper_2').replaceWith(confirmation_content);jQuery(document).scrollTop(jQuery('#gf_2').offset().top - mt);jQuery(document).trigger('gform_confirmation_loaded', [2]);window['gf_submitting_2'] = false;wp.a11y.speak(jQuery('#gform_confirmation_message_2').text());}else{jQuery('#gform_2').append(contents);if(window['gformRedirect']) {gformRedirect();}}jQuery(document).trigger(\"gform_pre_post_render\", [{ formId: \"2\", currentPage: \"current_page\", abort: function() { this.preventDefault(); } }]);        if (event && event.defaultPrevented) {                return;        }        const gformWrapperDiv = document.getElementById( \"gform_wrapper_2\" );        if ( gformWrapperDiv ) {            const visibilitySpan = document.createElement( \"span\" );            visibilitySpan.id = \"gform_visibility_test_2\";            gformWrapperDiv.insertAdjacentElement( \"afterend\", visibilitySpan );        }        const visibilityTestDiv = document.getElementById( \"gform_visibility_test_2\" );        let postRenderFired = false;        function triggerPostRender() {            if ( postRenderFired ) {                return;            }            postRenderFired = true;            gform.core.triggerPostRenderEvents( 2, current_page );            if ( visibilityTestDiv ) {                visibilityTestDiv.parentNode.removeChild( visibilityTestDiv );            }        }        function debounce( func, wait, immediate ) {            var timeout;            return function() {                var context = this, args = arguments;                var later = function() {                    timeout = null;                    if ( !immediate ) func.apply( context, args );                };                var callNow = immediate && !timeout;                clearTimeout( timeout );                timeout = setTimeout( later, wait );                if ( callNow ) func.apply( context, args );            };        }        const debouncedTriggerPostRender = debounce( function() {            triggerPostRender();        }, 200 );        if ( visibilityTestDiv && visibilityTestDiv.offsetParent === null ) {            const observer = new MutationObserver( ( mutations ) => {                mutations.forEach( ( mutation ) => {                    if ( mutation.type === 'attributes' && visibilityTestDiv.offsetParent !== null ) {                        debouncedTriggerPostRender();                        observer.disconnect();                    }                });            });            observer.observe( document.body, {                attributes: true,                childList: false,                subtree: true,                attributeFilter: [ 'style', 'class' ],            });        } else {            triggerPostRender();        }    } );} );\n<\/script>\n<\/div>\n<\/div><h1 class=\"gb-headline gb-headline-2458122d gb-headline-text\" id=\"impresszum\">Imprint<\/h1><p class=\"left-padding\">Rocky 2018 Kft.<br> Tax number: 14205411-1-42<br> Registered office: 1074 Budapest, Dob utca 21.<\/p><p class=\"left-padding\">  Hosting provider: RACKFOREST ZRT.<br>  C\u00edm: 1132 Budapest, Victor Hugo utca    11. em. B05001.<br>  Tax number: 32056842-2-41<\/p>","protected":false},"excerpt":{"rendered":"<p>Kapcsolat 1062, Budapest, Andr\u00e1ssy u. 56. info@tortakiszallitas.hu +36 30 194 1961 (9:00-15:00 k\u00f6z\u00f6tt h\u00edvhat\u00f3) K\u00f6vess minket RENDEL\u00c9S \u00c1TV\u00c9TEL A Neked k\u00e9sz\u00fcl k\u00e1v\u00e9z\u00f3ban \u00dczenj nek\u00fcnk Impresszum Rocky 2018 Kft. Ad\u00f3sz\u00e1m: 14205411-1-42 Sz\u00e9khely: 1074 Budapest, Dob utca 21. T\u00e1rhelyszolg\u00e1ltat\u00f3: RACKFOREST ZRT. C\u00edm: 1132 Budapest, Victor Hugo utca 11. em. B05001. Ad\u00f3sz\u00e1m: 32056842-2-41<\/p>","protected":false},"author":6,"featured_media":0,"parent":0,"menu_order":0,"comment_status":"closed","ping_status":"closed","template":"","meta":{"_acf_changed":false,"_seopress_robots_primary_cat":"","_seopress_titles_title":"El\u00e9rhet\u0151s\u00e9gek | Tortakisz\u00e1ll\u00edt\u00e1s.hu | Torta rendel\u00e9s, s\u00fcti \u00e9s macaron","_seopress_titles_desc":"Keress minket bizalommal \u00e9s rendelj h\u00e1zhoz leny\u0171g\u00f6z\u0151 finoms\u00e1gokat Budapest ter\u00fclet\u00e9n.","_seopress_robots_index":"","inline_featured_image":false,"footnotes":""},"class_list":["post-194","page","type-page","status-publish"],"acf":[],"_links":{"self":[{"href":"https:\/\/tortakiszallitas.hu\/en\/wp-json\/wp\/v2\/pages\/194","targetHints":{"allow":["GET"]}}],"collection":[{"href":"https:\/\/tortakiszallitas.hu\/en\/wp-json\/wp\/v2\/pages"}],"about":[{"href":"https:\/\/tortakiszallitas.hu\/en\/wp-json\/wp\/v2\/types\/page"}],"author":[{"embeddable":true,"href":"https:\/\/tortakiszallitas.hu\/en\/wp-json\/wp\/v2\/users\/6"}],"replies":[{"embeddable":true,"href":"https:\/\/tortakiszallitas.hu\/en\/wp-json\/wp\/v2\/comments?post=194"}],"version-history":[{"count":23,"href":"https:\/\/tortakiszallitas.hu\/en\/wp-json\/wp\/v2\/pages\/194\/revisions"}],"predecessor-version":[{"id":6645,"href":"https:\/\/tortakiszallitas.hu\/en\/wp-json\/wp\/v2\/pages\/194\/revisions\/6645"}],"wp:attachment":[{"href":"https:\/\/tortakiszallitas.hu\/en\/wp-json\/wp\/v2\/media?parent=194"}],"curies":[{"name":"wp","href":"https:\/\/api.w.org\/{rel}","templated":true}]}}