{"id":2816,"date":"2024-01-11T06:58:07","date_gmt":"2024-01-11T05:58:07","guid":{"rendered":"https:\/\/tortakiszallitas.hu\/?post_type=product&#038;p=2816"},"modified":"2026-02-10T07:37:08","modified_gmt":"2026-02-10T06:37:08","slug":"kokusz-macaron","status":"publish","type":"product","link":"http:\/\/tortakiszallitas.hu\/en\/termekek\/desszertek\/macaronok\/kokusz-macaron\/","title":{"rendered":"Coconut macaron"},"content":{"rendered":"<p>We filled the almond-coconut macaron dough with a soft coconut cream. A macaron is a classic French pastry consisting of two almond meringues turned upside down and held together with some flavored cream, ganache or jam.<\/p>\n<p class=\"translation-block\">To order the coconut macaron, just choose how many you want and add it to your cart! You can also choose from additional flavors and gift box packages in the <a href=\"https:\/\/tortakiszallitas.hu\/en\/macaron-suti-biscuit-regular\/\" target=\"_self\">cookie range<\/a>.<\/p>","protected":false},"excerpt":{"rendered":"<p>Almond macaron dough with coconut filling.<\/p>","protected":false},"featured_media":5101,"template":"","meta":{"_acf_changed":false,"_seopress_robots_primary_cat":"none","_seopress_titles_title":"K\u00f3kuszos macaron rendel\u00e9s Budapesten | The Sweet","_seopress_titles_desc":"K\u00f3kuszos macaron mandul\u00e1s t\u00e9szt\u00e1val, finom k\u00f3kusz t\u00f6ltel\u00e9kkel. Rendelj most \u00e9s v\u00e1logass m\u00e1s \u00edzek vagy d\u00edszdobozos macaronok k\u00f6zt is.","_seopress_robots_index":"","inline_featured_image":false},"product_brand":[],"product_cat":[17,19],"product_tag":[89,87],"class_list":{"0":"post-2816","1":"product","2":"type-product","3":"status-publish","4":"has-post-thumbnail","6":"product_cat-desszertek","7":"product_cat-macaronok","8":"product_tag-cukor","9":"product_tag-laktoz","10":"sales-flash-overlay","11":"woocommerce-text-align-left","12":"woocommerce-image-align-center","13":"do-quantity-buttons","15":"first","16":"instock","17":"purchasable","18":"product-type-simple"},"acf":[],"_links":{"self":[{"href":"http:\/\/tortakiszallitas.hu\/en\/wp-json\/wp\/v2\/product\/2816","targetHints":{"allow":["GET"]}}],"collection":[{"href":"http:\/\/tortakiszallitas.hu\/en\/wp-json\/wp\/v2\/product"}],"about":[{"href":"http:\/\/tortakiszallitas.hu\/en\/wp-json\/wp\/v2\/types\/product"}],"wp:featuredmedia":[{"embeddable":true,"href":"http:\/\/tortakiszallitas.hu\/en\/wp-json\/wp\/v2\/media\/5101"}],"wp:attachment":[{"href":"http:\/\/tortakiszallitas.hu\/en\/wp-json\/wp\/v2\/media?parent=2816"}],"wp:term":[{"taxonomy":"product_brand","embeddable":true,"href":"http:\/\/tortakiszallitas.hu\/en\/wp-json\/wp\/v2\/product_brand?post=2816"},{"taxonomy":"product_cat","embeddable":true,"href":"http:\/\/tortakiszallitas.hu\/en\/wp-json\/wp\/v2\/product_cat?post=2816"},{"taxonomy":"product_tag","embeddable":true,"href":"http:\/\/tortakiszallitas.hu\/en\/wp-json\/wp\/v2\/product_tag?post=2816"}],"curies":[{"name":"wp","href":"https:\/\/api.w.org\/{rel}","templated":true}]}}